{"id":1824,"date":"2015-09-07T04:26:41","date_gmt":"2015-09-07T04:26:41","guid":{"rendered":"http:\/\/caricafellc.com\/ueber-uns\/"},"modified":"2023-03-31T23:24:08","modified_gmt":"2023-03-31T23:24:08","slug":"ueber-uns","status":"publish","type":"page","link":"https:\/\/caricafellc.com\/de\/ueber-uns\/","title":{"rendered":"\u00dcBER UNS"},"content":{"rendered":"<p>[vc_row css=&#8221;.vc_custom_1678434978395{margin-top: 100px !important;padding-top: 50px !important;padding-bottom: 50px !important;background-color: #ffffff !important;}&#8221;][vc_column column_effect=&#8221;topmove&#8221; time=&#8221;3&#8243; distance=&#8221;250&#8243;]\t\n\t<h2 style=\"text-align: center;\" > \u00dcBER UNS<\/h2>\t\n[vc_column_text el_class=&#8221;block&#8221; css=&#8221;.vc_custom_1679522296156{margin-top: 20px !important;margin-bottom: 0px !important;padding-bottom: 0px !important;}&#8221;]<\/p>\n<p style=\"text-align: center;\"><span style=\"font-size: 14pt;\">UNSER WISSEN \u00dcBER DEN LOKALEN KAFFEEMARKT UND ERFAHRUNG IN DER INTERNATIONALEN ARENA SOLLEN UNSEREN KUNDEN DIE M\u00d6GLICHKEIT BIETEN, ZUSAMMEN ZU ARBEITEN UND EINE NACHHALTIGE WERTSCH\u00d6PFUNGSKETTE ZU SCHAFFEN, DIE \u00dcBER DIE ZEIT H\u00c4LT.<\/span><\/p>\n<p>[\/vc_column_text][\/vc_column][vc_column column_effect=&#8221;bottommove&#8221; time=&#8221;3&#8243; distance=&#8221;50&#8243;][\/vc_column][\/vc_row][vc_row css=&#8221;.vc_custom_1441679574299{padding-top: 50px !important;padding-bottom: 50px !important;}&#8221;][vc_column width=&#8221;4\/12&#8243; column_effect=&#8221;leftmove&#8221; time=&#8221;1.5&#8243; distance=&#8221;250&#8243;]\t\n\t<h4 style=\"text-align: left;\" > ROHKAFFEE-BROKER, DIE UNSEREN K\u00c4UFERN HANDELS-, LOGISTIK-, PREISFIXIERUNGS- UND QUALIT\u00c4TSKONTROLLDIENSTE ANBIETEN<\/h4>\t\n[vc_column_text css=&#8221;.vc_custom_1680303935197{padding-top: 25px !important;}&#8221;]<\/p>\n<div class=\"uper-text\">\n<p><span style=\"font-size: 14pt;\">Caricafe ist ein Kaffeeh\u00e4ndler, der seit mehr als 40 Jahren in Honduras aktiv ist; Dar\u00fcber hinaus verwalten wir die Logistik f\u00fcr jede Verschiffung, die Qualit\u00e4tskontrolle f\u00fcr jede versendete Verschiffung und Bieten Unterst\u00fctzung bei der Preisfixierung.<\/span><\/p>\n<\/div>\n<p>[\/vc_column_text][\/vc_column][vc_column width=&#8221;8\/12&#8243; column_effect=&#8221;rightmove&#8221; time=&#8221;1.5&#8243; distance=&#8221;250&#8243;][vc_column_text]<span style=\"font-size: 14pt;\">Caricafe wurde vor mehr als 40 Jahren von Herrn Ulrich Krupp und seiner Frau, Mary, gegr\u00fcndet. Die Anf\u00e4nge waren, als die Ernte in Honduras viel kleiner war als heute. Caricafe hat sich gem\u00e4\u00df den Erwartungen der K\u00e4ufer an Qualit\u00e4t, Innovation in der Technologie und Erfahrungen im Kaffeehandel entwickelt.<\/span>[\/vc_column_text][vc_single_image image=&#8221;2319&#8243; img_size=&#8221;500&#215;300&#8243; alignment=&#8221;center&#8221; style=&#8221;vc_box_border&#8221; border_color=&#8221;mulled_wine&#8221;][\/vc_column][\/vc_row][vc_row css=&#8221;.vc_custom_1441680930162{padding-top: 50px !important;padding-bottom: 2px !important;}&#8221;][vc_column]\t\n\t<h4 style=\"text-align: center;\" > UNSERE SCHWERPUNKTE<\/h4>\t\n[vc_column_text el_class=&#8221;uper-text align-center&#8221; css=&#8221;.vc_custom_1664991638708{padding-top: 25px !important;padding-bottom: 30px !important;}&#8221;]UNSERE ST\u00c4RKEN ALS KAFFEEAGENTEN[\/vc_column_text][\/vc_column][vc_column width=&#8221;1\/2&#8243; column_effect=&#8221;leftmove&#8221; time=&#8221;1.5&#8243; distance=&#8221;250&#8243;]\t\n\t<ul class=\"skill\">\n\t\t\t\t\t<li><span class=\"bar bar-prc\" style=\"width:100%\"><\/span><p>R\u00dcCKVERFOLGBARKEIT<\/p><h3>100%<\/h3><\/li>\n\t\t\t\t\t\t\t<li><span class=\"bar bar-prc\" style=\"width:100%\"><\/span><p>Anbieterabdeckung<\/p><h3>100%<\/h3><\/li>\n\t\t\t\t\t\t\t<li><span class=\"bar bar-prc\" style=\"width:100%\"><\/span><p>Bekenntnis zur Herkunft<\/p><h3>100%<\/h3><\/li>\n\t\t\t\t\t<\/ul>\t\n\t\n\t[\/vc_column][vc_column width=&#8221;1\/2&#8243; column_effect=&#8221;rightmove&#8221; time=&#8221;1.5&#8243; distance=&#8221;100&#8243;]\t\n\t<ul class=\"skill\">\n\t\t\t\t\t<li><span class=\"bar bar-prc\" style=\"width:100%\"><\/span><p>Caricafe-Qualit\u00e4tskontrolle<\/p><h3>100%<\/h3><\/li>\n\t\t\t\t\t\t\t<li><span class=\"bar bar-prc\" style=\"width:100%\"><\/span><p>LOGISTIK<\/p><h3>100%<\/h3><\/li>\n\t\t\t\t\t\t\t<li><span class=\"bar bar-prc\" style=\"width:100%\"><\/span><p>Marktauftr\u00e4ge<\/p><h3>100%<\/h3><\/li>\n\t\t\t\t\t<\/ul>\t\n\t\n\t[\/vc_column][\/vc_row][vc_row css=&#8221;.vc_custom_1442309516190{padding-top: 50px !important;padding-bottom: 45px !important;background-color: #ffffff !important;}&#8221;][vc_column column_effect=&#8221;bottommove&#8221; time=&#8221;1.5&#8243; distance=&#8221;100&#8243;]\n\t<script type=\"text\/javascript\">\n\n\t\tvar heratwitterfeed = {\n\t\t\t\"id\": '579924271629094913',\n\t\t\t\"domId\": '',\n\t\t\t\"maxTweets\": 5,\n\t\t\t\"enableLinks\": true,\n\t\t\t\"showUser\": false,\n\t\t\t\"showTime\": true,\n\t\t\t\"dateFunction\": '',\n\t\t\t\"showRetweet\": false,\n\t\t\t\"customCallback\": handleTweets,\n\t\t\t\"showInteraction\": false\n\t\t};\n\n\t\tfunction handleTweets(tweets){\n\t\t    var x = tweets.length;\n\t\t    var n = 0;\n\t\t    var element = document.getElementById('tweets-list');\n\t\t    var html = '<ul class=\"slider-twit\">';\n\t\t    while(n < x) {\n\t\t      html += '<li class=\"tweet-item\"><i class=\"fa fa-twitter\"><\/i>' + tweets[n] + '<\/li>';\n\t\t      n++;\n\t\t    }\n\t\t    html += '<\/ul>';\n\t\t    element.innerHTML = html;\n\t\t    $('.slider-twit').bxSlider({\n\t\t\t\tadaptiveHeight: true,\n\t\t\t\ttouchEnabled: true,\n\t\t\t\tpager: false,\n\t\t\t\tcontrols: true,\n\t\t\t\tauto: false,\n\t\t\t\tslideMargin: 1\n\t\t\t});\n\t\t}\n\n\t\ttwitterFetcher.fetch(heratwitterfeed);\n\n\t<\/script>\n\t<div id=\"tweets-list\"><\/div> \n[\/vc_column][\/vc_row][vc_row full_width=&#8221;yes&#8221; css=&#8221;.vc_custom_1441621367271{background-image: url(http:\/\/demo.vegatheme.com\/hera2\/wp-content\/uploads\/2015\/09\/about-down.jpg?id=86) !important;background-position: center !important;background-repeat: no-repeat !important;background-size: cover !important;}&#8221;][vc_column column_effect=&#8221;bottommove&#8221; time=&#8221;1.5&#8243; distance=&#8221;100&#8243;]\n\t<div class=\"container\">\n\t\t<ul class=\"portfolio-wrap\">\n\t\t\t\t\t\t<li class=\"four columns portfolio-box\">\t\n\t\t\t\t<a class=\"gallery-images-popup-69e2ff9fa9109\" title=\"\" href=\"https:\/\/caricafellc.com\/wp-content\/uploads\/2022\/10\/PHOTO-2022-10-14-16-29-01.jpg\">\n\t\t\t\t\t<img decoding=\"async\" src=\"https:\/\/caricafellc.com\/wp-content\/uploads\/2022\/10\/PHOTO-2022-10-14-16-29-01.jpg\" alt=\"\">\n\t\t\t\t\t<div class=\"mask\"><\/div>\n\t\t\t\t\t<h4><\/h4>\n\t\t\t\t<\/a>\t\n\t\t\t<\/li>\n\t\t\t\t\t\t<li class=\"four columns portfolio-box\">\t\n\t\t\t\t<a class=\"gallery-images-popup-69e2ff9fa9109\" title=\"\" href=\"https:\/\/caricafellc.com\/wp-content\/uploads\/2022\/10\/Img_Caricafe-3.jpg\">\n\t\t\t\t\t<img decoding=\"async\" src=\"https:\/\/caricafellc.com\/wp-content\/uploads\/2022\/10\/Img_Caricafe-3.jpg\" alt=\"\">\n\t\t\t\t\t<div class=\"mask\"><\/div>\n\t\t\t\t\t<h4><\/h4>\n\t\t\t\t<\/a>\t\n\t\t\t<\/li>\n\t\t\t\t\t\t<li class=\"four columns portfolio-box\">\t\n\t\t\t\t<a class=\"gallery-images-popup-69e2ff9fa9109\" title=\"\" href=\"https:\/\/caricafellc.com\/wp-content\/uploads\/2022\/04\/QA4.jpg\">\n\t\t\t\t\t<img decoding=\"async\" src=\"https:\/\/caricafellc.com\/wp-content\/uploads\/2022\/04\/QA4.jpg\" alt=\"\">\n\t\t\t\t\t<div class=\"mask\"><\/div>\n\t\t\t\t\t<h4><\/h4>\n\t\t\t\t<\/a>\t\n\t\t\t<\/li>\n\t\t\t\t\t\t<li class=\"four columns portfolio-box\">\t\n\t\t\t\t<a class=\"gallery-images-popup-69e2ff9fa9109\" title=\"\" href=\"https:\/\/caricafellc.com\/wp-content\/uploads\/2022\/10\/Img_Caricafe-2.jpg\">\n\t\t\t\t\t<img decoding=\"async\" src=\"https:\/\/caricafellc.com\/wp-content\/uploads\/2022\/10\/Img_Caricafe-2.jpg\" alt=\"\">\n\t\t\t\t\t<div class=\"mask\"><\/div>\n\t\t\t\t\t<h4><\/h4>\n\t\t\t\t<\/a>\t\n\t\t\t<\/li>\n\t\t\t\t\t\t<li class=\"four columns portfolio-box\">\t\n\t\t\t\t<a class=\"gallery-images-popup-69e2ff9fa9109\" title=\"\" href=\"https:\/\/caricafellc.com\/wp-content\/uploads\/2022\/10\/IMG_Caricafe-1.jpg\">\n\t\t\t\t\t<img decoding=\"async\" src=\"https:\/\/caricafellc.com\/wp-content\/uploads\/2022\/10\/IMG_Caricafe-1.jpg\" alt=\"\">\n\t\t\t\t\t<div class=\"mask\"><\/div>\n\t\t\t\t\t<h4><\/h4>\n\t\t\t\t<\/a>\t\n\t\t\t<\/li>\n\t\t\t\t\t\t<li class=\"four columns portfolio-box\">\t\n\t\t\t\t<a class=\"gallery-images-popup-69e2ff9fa9109\" title=\"\" href=\"https:\/\/caricafellc.com\/wp-content\/uploads\/2022\/10\/Img-caricafe-4.jpg\">\n\t\t\t\t\t<img decoding=\"async\" src=\"https:\/\/caricafellc.com\/wp-content\/uploads\/2022\/10\/Img-caricafe-4.jpg\" alt=\"\">\n\t\t\t\t\t<div class=\"mask\"><\/div>\n\t\t\t\t\t<h4><\/h4>\n\t\t\t\t<\/a>\t\n\t\t\t<\/li>\n\t\t\t\t\t\t<li class=\"four columns portfolio-box\">\t\n\t\t\t\t<a class=\"gallery-images-popup-69e2ff9fa9109\" title=\"\" href=\"https:\/\/caricafellc.com\/wp-content\/uploads\/2022\/03\/Coffee-Harvest.jpg\">\n\t\t\t\t\t<img decoding=\"async\" src=\"https:\/\/caricafellc.com\/wp-content\/uploads\/2022\/03\/Coffee-Harvest.jpg\" alt=\"\">\n\t\t\t\t\t<div class=\"mask\"><\/div>\n\t\t\t\t\t<h4><\/h4>\n\t\t\t\t<\/a>\t\n\t\t\t<\/li>\n\t\t\t\t\t\t<li class=\"four columns portfolio-box\">\t\n\t\t\t\t<a class=\"gallery-images-popup-69e2ff9fa9109\" title=\"\" href=\"https:\/\/caricafellc.com\/wp-content\/uploads\/2022\/11\/Cherries.jpg\">\n\t\t\t\t\t<img decoding=\"async\" src=\"https:\/\/caricafellc.com\/wp-content\/uploads\/2022\/11\/Cherries.jpg\" alt=\"\">\n\t\t\t\t\t<div class=\"mask\"><\/div>\n\t\t\t\t\t<h4><\/h4>\n\t\t\t\t<\/a>\t\n\t\t\t<\/li>\n\t\t\t\t\t\t<li class=\"four columns portfolio-box\">\t\n\t\t\t\t<a class=\"gallery-images-popup-69e2ff9fa9109\" title=\"\" href=\"https:\/\/caricafellc.com\/wp-content\/uploads\/2022\/04\/QA_CARICAFE.jpg\">\n\t\t\t\t\t<img decoding=\"async\" src=\"https:\/\/caricafellc.com\/wp-content\/uploads\/2022\/04\/QA_CARICAFE.jpg\" alt=\"\">\n\t\t\t\t\t<div class=\"mask\"><\/div>\n\t\t\t\t\t<h4><\/h4>\n\t\t\t\t<\/a>\t\n\t\t\t<\/li>\n\t\t\t\t\t\t<li class=\"four columns portfolio-box\">\t\n\t\t\t\t<a class=\"gallery-images-popup-69e2ff9fa9109\" title=\"\" href=\"https:\/\/caricafellc.com\/wp-content\/uploads\/2015\/09\/CAricafe-1982.jpg\">\n\t\t\t\t\t<img decoding=\"async\" src=\"https:\/\/caricafellc.com\/wp-content\/uploads\/2015\/09\/CAricafe-1982.jpg\" alt=\"\">\n\t\t\t\t\t<div class=\"mask\"><\/div>\n\t\t\t\t\t<h4><\/h4>\n\t\t\t\t<\/a>\t\n\t\t\t<\/li>\n\t\t\t\t\t\t<li class=\"four columns portfolio-box\">\t\n\t\t\t\t<a class=\"gallery-images-popup-69e2ff9fa9109\" title=\"\" href=\"https:\/\/caricafellc.com\/wp-content\/uploads\/2022\/04\/QA2.jpg\">\n\t\t\t\t\t<img decoding=\"async\" src=\"https:\/\/caricafellc.com\/wp-content\/uploads\/2022\/04\/QA2.jpg\" alt=\"\">\n\t\t\t\t\t<div class=\"mask\"><\/div>\n\t\t\t\t\t<h4><\/h4>\n\t\t\t\t<\/a>\t\n\t\t\t<\/li>\n\t\t\t\t\t<\/ul>\n\t<\/div>\n\n\t<script type=\"text\/javascript\">\n\t    jQuery(document).ready(function() {  \n\t   \t\t'use strict';\n\t   \t\tjQuery('.gallery-images-popup-69e2ff9fa9109').magnificPopup({\n\t\t\t\ttype: 'image',\n\t\t\t\tcloseOnContentClick: false,\n\t\t\t\tcloseBtnInside: false,\n\t\t\t\tmainClass: 'mfp-with-zoom mfp-img-mobile',\n\t\t\t\timage: {\n\t\t\t\t\tverticalFit: true,\n\t\t\t\t\ttitleSrc: function(item) {\n\t\t\t\t\t\treturn item.el.attr('title');\n\t\t\t\t\t\t\/\/return item.el.attr('title') + ' &middot; <a class=\"image-source-link\" href=\"'+item.el.attr('data-source')+'\" target=\"_blank\">image source<\/a>';\n\t\t\t\t\t}\n\t\t\t\t},\n\t\t\t\tgallery: {\n\t\t\t\t\tenabled: true\n\t\t\t\t}\t\t\n\t\t\t}); \n\t\t });\n    <\/script>\n\t\n[\/vc_column][\/vc_row][vc_row css=&#8221;.vc_custom_1442206215361{padding-top: 30px !important;padding-bottom: 30px !important;background-color: #414141 !important;}&#8221;][vc_column column_effect=&#8221;topmove&#8221; time=&#8221;1.5&#8243; distance=&#8221;250&#8243;]\t\n\t\t\t<div class=\"sections-link-pages\"><div class=\"cl-effect\"><a data-gal=\"m_PageScroll2id\" data-ps2id-offset=\"65\" href=\"http:\/\/caricafellc.com\/contact\/\"><span data-hover=\"Kontaktiere uns\">Kontaktiere uns<\/span><\/a><\/div><\/div>\n\t[\/vc_column][\/vc_row]<\/p>\n","protected":false},"excerpt":{"rendered":"<p>[vc_row css=&#8221;.vc_custom_1678434978395{margin-top: 100px !important;padding-top: 50px !important;padding-bottom: 50px !important;background-color: #ffffff !important;}&#8221;][vc_column column_effect=&#8221;topmove&#8221; time=&#8221;3&#8243; distance=&#8221;250&#8243;][vc_column_text el_class=&#8221;block&#8221; css=&#8221;.vc_custom_1679522296156{margin-top: 20px !important;margin-bottom: 0px !important;padding-bottom: 0px !important;}&#8221;] UNSER WISSEN \u00dcBER DEN LOKALEN KAFFEEMARKT UND ERFAHRUNG IN DER INTERNATIONALEN ARENA SOLLEN UNSEREN KUNDEN DIE M\u00d6GLICHKEIT BIETEN, ZUSAMMEN ZU ARBEITEN UND EINE NACHHALTIGE WERTSCH\u00d6PFUNGSKETTE ZU SCHAFFEN, DIE \u00dcBER DIE ZEIT H\u00c4LT. [\/vc_column_text][\/vc_column][vc_column column_effect=&#8221;bottommove&#8221; [&hellip;]<\/p>\n","protected":false},"author":1,"featured_media":0,"parent":0,"menu_order":0,"comment_status":"closed","ping_status":"closed","template":"page-templates\/page-fullwidth.php","meta":{"footnotes":""},"class_list":["post-1824","page","type-page","status-publish","hentry"],"_links":{"self":[{"href":"https:\/\/caricafellc.com\/de\/wp-json\/wp\/v2\/pages\/1824","targetHints":{"allow":["GET"]}}],"collection":[{"href":"https:\/\/caricafellc.com\/de\/wp-json\/wp\/v2\/pages"}],"about":[{"href":"https:\/\/caricafellc.com\/de\/wp-json\/wp\/v2\/types\/page"}],"author":[{"embeddable":true,"href":"https:\/\/caricafellc.com\/de\/wp-json\/wp\/v2\/users\/1"}],"replies":[{"embeddable":true,"href":"https:\/\/caricafellc.com\/de\/wp-json\/wp\/v2\/comments?post=1824"}],"version-history":[{"count":23,"href":"https:\/\/caricafellc.com\/de\/wp-json\/wp\/v2\/pages\/1824\/revisions"}],"predecessor-version":[{"id":2754,"href":"https:\/\/caricafellc.com\/de\/wp-json\/wp\/v2\/pages\/1824\/revisions\/2754"}],"wp:attachment":[{"href":"https:\/\/caricafellc.com\/de\/wp-json\/wp\/v2\/media?parent=1824"}],"curies":[{"name":"wp","href":"https:\/\/api.w.org\/{rel}","templated":true}]}}