{"id":1830,"date":"2015-10-29T04:25:58","date_gmt":"2015-10-29T04:25:58","guid":{"rendered":"http:\/\/caricafellc.com\/startseite\/"},"modified":"2026-04-30T21:34:58","modified_gmt":"2026-04-30T21:34:58","slug":"startseite","status":"publish","type":"page","link":"https:\/\/caricafellc.com\/de\/","title":{"rendered":"Startseite"},"content":{"rendered":"<p>[vc_row full_width=&#8221;yes&#8221; just_pattern=&#8221;no&#8221; el_id=&#8221;home&#8221; css=&#8221;.vc_custom_1678246475272{margin-top: -65px !important;}&#8221;][vc_column][vc_raw_html]W3Jldl9zbGlkZXIgYWxpYXM9InNsaWRlci0xIl1bL3Jldl9zbGlkZXJd[\/vc_raw_html][\/vc_column][\/vc_row][vc_row css=&#8221;.vc_custom_1678245564783{padding-top: 60px !important;background-color: #ffffff !important;}&#8221; el_id=&#8221;\u00dcBER UNS&#8221;][vc_column column_effect=&#8221;topmove&#8221; time=&#8221;1&#8243; distance=&#8221;150&#8243;]\t\n\t<h2 style=\"text-align: center;\" > \u00dcBER UNS<\/h2>\t\n[vc_column_text el_class=&#8221;uper-text align-center&#8221; css=&#8221;.vc_custom_1680209392843{padding-top: 25px !important;padding-bottom: 30px !important;}&#8221;]Caricafe ist ein Kaffeeh\u00e4ndler, der seit mehr als 40 Jahren in Honduras aktiv ist; Dar\u00fcber hinaus verwalten wir die Logistik f\u00fcr jede Verschiffung, die Qualit\u00e4tskontrolle f\u00fcr jede versendete Verschiffung und bieten Unterst\u00fctzung bei der Preisfixierung.[\/vc_column_text][\/vc_column][vc_column width=&#8221;1\/4&#8243; column_effect=&#8221;bottommove&#8221; time=&#8221;1&#8243; distance=&#8221;150&#8243;]\t\n\t<div class=\"about-what-we-do\">\n\t\t<div class=\"icon-left1\"><div class=\"fab fa-accessible-icon\"><\/div><\/div>\n\t\t<h5>VERNETZUNG<\/h5>\n\t\t<p>Unser umfassendes Lieferantennetzwerk, das von Kleinbauern \u00fcber Kaffeekooperativen bis hin zu Exporteuren reicht, ist die kompatible L\u00f6sung f\u00fcr Ihre gewerblichen Bed\u00fcrfnisse<\/p>\n\t<\/div>\n\n[\/vc_column][vc_column width=&#8221;1\/4&#8243; column_effect=&#8221;bottommove&#8221; time=&#8221;1&#8243; distance=&#8221;150&#8243; css=&#8221;.vc_custom_1665009811204{margin-top: -10px !important;}&#8221;]\t\n\t<div class=\"about-what-we-do\">\n\t\t<div class=\"icon-left1\"><div class=\"fab fa-accessible-icon\"><\/div><\/div>\n\t\t<h5>CARICAFE QUALIT\u00c4TSKONTROLLE<\/h5>\n\t\t<p>Wir sind der erste Kaffeeagent, der seit mehr als 40 Jahren die Qualit\u00e4t jeder f\u00fcr unsere K\u00e4ufer versandten Charge \u00fcberpr\u00fcft, und dies bildet eine zus\u00e4tzliche Ma\u00dfnahme, die wir unseren K\u00e4ufern anbieten.<\/p>\n\t<\/div>\n\n[vc_btn title=&#8221;Hier klicken&#8221; style=&#8221;3d&#8221; shape=&#8221;square&#8221; color=&#8221;vista-blue&#8221; align=&#8221;center&#8221; link=&#8221;url:http%3A%2F%2Fcaricafellc.com%2Fde%2Fcaricafe-qualitaetskontrolle%2F|title:Caricafe-Qualit%C3%A4tskontrolle|&#8221;][\/vc_column][vc_column width=&#8221;1\/4&#8243; column_effect=&#8221;bottommove&#8221; time=&#8221;1&#8243; distance=&#8221;150&#8243;]\t\n\t<div class=\"about-what-we-do\">\n\t\t<div class=\"icon-left1\"><div class=\"fab fa-accessible-icon\"><\/div><\/div>\n\t\t<h5>UNTERST\u00dcTZUNG BEI PREISFIXIERUNGEN<\/h5>\n\t\t<p>Bei Preisfixierungen k\u00f6nnen Exporteur und K\u00e4ufer ihre Auftr\u00e4ge bei uns erteilen, wir koordinieren und platzieren dann den Auftrag zwischen K\u00e4ufer und Verk\u00e4ufer mit 100%-Zeitrahmenerf\u00fcllung.<\/p>\n\t<\/div>\n\n[\/vc_column][vc_column width=&#8221;1\/4&#8243; column_effect=&#8221;bottommove&#8221; time=&#8221;1&#8243; distance=&#8221;150&#8243;]\t\n\t<div class=\"about-what-we-do\">\n\t\t<div class=\"icon-left1\"><div class=\"fab fa-accessible-icon\"><\/div><\/div>\n\t\t<h5>LOGISTIK<\/h5>\n\t\t<p>Wir bieten unseren K\u00e4ufern eine hervorragende logistische Unterst\u00fctzung, bei der wir Funktionen wie Dokumentenpr\u00fcfung, Bookingverwaltung und Verschiffungskontrollen erf\u00fcllen.<\/p>\n\t<\/div>\n\n[\/vc_column][\/vc_row][vc_row css=&#8221;.vc_custom_1679362802825{padding-top: 80px !important;padding-bottom: 80px !important;}&#8221;][vc_column column_effect=&#8221;leftmove&#8221; time=&#8221;1&#8243; distance=&#8221;150&#8243;][vc_raw_html]JTNDdmlkZW8lMjBzcmMlM0QlMjJodHRwcyUzQSUyRiUyRmNhcmljYWZlbGxjLmNvbSUyRndwLWNvbnRlbnQlMkZ1cGxvYWRzJTJGMjAyMiUyRjExJTJGQ2FyaWNhZmUtUGxhbnRfLm1wNCUyMiUyMHdpZHRoJTNEJTIyODAwJTIyJTIwaGVpZ2h0JTNEJTIyNDAwJTIyJTIwYXV0b3BsYXklMjBtdXRlZCUyMGxvb3AlMjBzdHlsZSUzRCUyMm1heC13aWR0aCUzQTEwMCUyNSUzQmhlaWdodCUzQWF1dG8lM0IlMjIlM0UlM0MlMkZ2aWRlbyUzRQ==[\/vc_raw_html]\t\n\t<h3 style=\"text-align: center;\" > WIR SIND EIN ZUVERL\u00c4SSIGER PARTNER F\u00dcR IHRE ANFORDERUNGEN AN QUALITATIV HOCHWERTIGEN KAFFEE<\/h3>\t\n[vc_column_text css=&#8221;.vc_custom_1679362670748{padding-top: 40px !important;}&#8221;]<\/p>\n<p style=\"text-align: center;\">Wir bieten Mehrwert in Handel, Logistik, Qualit\u00e4tskontrolle und &#8220;C&#8221;-Marktunterst\u00fctzung<\/p>\n<p>[\/vc_column_text]\t\n\t\t\n\t\t<div class=\"sections-link-pages\"><div class=\"cl-effect dark\" style=\"text-align: center\"><a data-gal=\"m_PageScroll2id\" data-ps2id-offset=\"65\" href=\"\/contact\"><span data-hover=\"Sprich mit dem Ursprung\">Sprich mit dem Ursprung<\/span><\/a><\/div><\/div>\n\t[\/vc_column][\/vc_row][vc_row css=&#8221;.vc_custom_1447681957446{padding-top: 30px !important;padding-bottom: 30px !important;background-color: #ffffff !important;}&#8221;][vc_column]\n\t<div id=\"owl-logos\" class=\"owl-carousel owl-theme\">\n\t\t\t\t\t<div class=\"item\"><img decoding=\"async\" src=\"https:\/\/caricafellc.com\/wp-content\/uploads\/2022\/04\/USDA_Organic-Negro.png\" alt=\"\"><\/div>\n\t\t\t\t\t<div class=\"item\"><img decoding=\"async\" src=\"https:\/\/caricafellc.com\/wp-content\/uploads\/2022\/04\/Imagen1.png\" alt=\"\"><\/div>\n\t\t\t\t\t<div class=\"item\"><img decoding=\"async\" src=\"https:\/\/caricafellc.com\/wp-content\/uploads\/2022\/04\/bird-friendly.png\" alt=\"\"><\/div>\n\t\t\t\t\t<div class=\"item\"><img decoding=\"async\" src=\"https:\/\/caricafellc.com\/wp-content\/uploads\/2022\/04\/Flocert.jpg\" alt=\"\"><\/div>\n\t\t\t\t\t<div class=\"item\"><img decoding=\"async\" src=\"https:\/\/caricafellc.com\/wp-content\/uploads\/2022\/04\/RA_Seal_Core_Green_and_White.png\" alt=\"\"><\/div>\n\t\t\t\t\t<div class=\"item\"><img decoding=\"async\" src=\"https:\/\/caricafellc.com\/wp-content\/uploads\/2022\/10\/eu-organic-logo-600x400_0.png\" alt=\"\"><\/div>\n\t\t\t\t\t<div class=\"item\"><img decoding=\"async\" src=\"https:\/\/caricafellc.com\/wp-content\/uploads\/2022\/10\/fair-for-life.png\" alt=\"\"><\/div>\n\t\t\t\t\t<div class=\"item\"><img decoding=\"async\" src=\"https:\/\/caricafellc.com\/wp-content\/uploads\/2022\/10\/Fair_trade-usa.jpg\" alt=\"\"><\/div>\n\t\t\t\t\t<div class=\"item\"><img decoding=\"async\" src=\"https:\/\/caricafellc.com\/wp-content\/uploads\/2022\/10\/JAS.png\" alt=\"\"><\/div>\n\t\t\t\t\t<div class=\"item\"><img decoding=\"async\" src=\"https:\/\/caricafellc.com\/wp-content\/uploads\/2022\/10\/Con-Manos-de-Mujer.png\" alt=\"\"><\/div>\n\t\t\t\t\t<div class=\"item\"><img decoding=\"async\" src=\"https:\/\/caricafellc.com\/wp-content\/uploads\/2023\/03\/Logo-Carbono-Neutral-600x300-1.png\" alt=\"\"><\/div>\n\t\t\t\t\t<div class=\"item\"><img decoding=\"async\" src=\"https:\/\/caricafellc.com\/wp-content\/uploads\/2023\/03\/Recurso-15@2x.png\" alt=\"\"><\/div>\n\t\t\t\t\t<div class=\"item\"><img decoding=\"async\" src=\"https:\/\/caricafellc.com\/wp-content\/uploads\/2023\/04\/ROC.png\" alt=\"\"><\/div>\n\t\t\t\n\t<\/div>\n\t\t\t\n[\/vc_column][\/vc_row][vc_row full_width=&#8221;yes&#8221; css=&#8221;.vc_custom_1447681976178{padding-top: 60px !important;padding-bottom: 60px !important;}&#8221; el_id=&#8221;jurnal&#8221;][vc_column column_effect=&#8221;topmove&#8221; time=&#8221;1&#8243; distance=&#8221;150&#8243;]\t\n\t<h4 style=\"text-align: center;\" > Statistiken, Marktberichte und Kaffee-News<\/h4>\t\n[vc_column_text el_class=&#8221;uper-text align-center&#8221; css=&#8221;.vc_custom_1664989859744{padding-top: 25px !important;padding-bottom: 30px !important;}&#8221;]WIR HABEN EINE REIHE VON QUELLEN F\u00dcR IHR INTERESSE AN STATISTIKEN UND NACHRICHTEN \u00dcBER KAFFEE AUSGEW\u00c4HLT[\/vc_column_text][\/vc_column][\/vc_row][vc_row css=&#8221;.vc_custom_1681975508685{margin-top: -100px !important;border-radius: 2px !important;}&#8221;][vc_column width=&#8221;1\/2&#8243;][vc_custom_heading text=&#8221;Statistischer Bericht 2023-2024&#8243; font_container=&#8221;tag:h5|font_size:30|text_align:right&#8221; google_fonts=&#8221;font_family:Cuprum%3Aregular%2Citalic%2C700%2C700italic|font_style:400%20regular%3A400%3Anormal&#8221;][\/vc_column][vc_column width=&#8221;1\/2&#8243;][vc_btn title=&#8221;Herunterladen&#8221; color=&#8221;green&#8221; size=&#8221;sm&#8221; align=&#8221;left&#8221; i_icon_fontawesome=&#8221;fas fa-download&#8221; add_icon=&#8221;true&#8221; link=&#8221;url:https%3A%2F%2Fcaricafellc.com%2F%3Fsdm_process_download%3D1%26download_id%3D4918&#8243;][\/vc_column][\/vc_row][vc_row][vc_column][vc_separator color=&#8221;black&#8221; style=&#8221;dotted&#8221;][\/vc_column][\/vc_row][vc_row css=&#8221;.vc_custom_1681974362247{margin-top: -100px !important;border-radius: 2px !important;}&#8221;][vc_column width=&#8221;1\/2&#8243;][vc_custom_heading text=&#8221;29. April\/2026 Exportstatistik&#8221; font_container=&#8221;tag:h5|font_size:30|text_align:right&#8221; google_fonts=&#8221;font_family:Cuprum%3Aregular%2Citalic%2C700%2C700italic|font_style:400%20regular%3A400%3Anormal&#8221;][\/vc_column][vc_column width=&#8221;1\/2&#8243;][vc_btn title=&#8221;Herunterladen&#8221; color=&#8221;green&#8221; size=&#8221;sm&#8221; align=&#8221;left&#8221; i_icon_fontawesome=&#8221;fas fa-download&#8221; add_icon=&#8221;true&#8221; link=&#8221;url:https%3A%2F%2Fcaricafellc.com%2F%3Fsdm_process_download%3D1%26download_id%3D5212&#8243;][\/vc_column][\/vc_row][vc_row css=&#8221;.vc_custom_1447681986858{padding-top: 60px !important;padding-bottom: 60px !important;background-color: #ffffff !important;}&#8221; el_id=&#8221;Kontakt&#8221;][vc_column column_effect=&#8221;topmove&#8221; time=&#8221;1&#8243; distance=&#8221;150&#8243;]\t\n\t<h4 style=\"text-align: center;\" > Schick uns eine Nachricht<\/h4>\t\n[vc_column_text el_class=&#8221;uper-text align-center&#8221; css=&#8221;.vc_custom_1674074245412{padding-top: 25px !important;padding-bottom: 30px !important;}&#8221;]UNS INTERESSIERT, VON IHNEN \u00dcBER ANGEBOTSANFRAGEN, KAUFINTERESSEN ODER ANDERE FRAGEN ZU UNSERER T\u00c4TIGKEIT ZU H\u00d6REN. UNSERE MARKTBERICHTE SIND AUCH VERF\u00dcGBAR, SOBALD WIR STATISTIKEN, MARKTBERICHTE UND KAFFEE-NEWS POSTEN[\/vc_column_text][\/vc_column][vc_column column_effect=&#8221;bottommove&#8221; time=&#8221;1&#8243; distance=&#8221;150&#8243;]\n<div class=\"wpcf7 no-js\" id=\"wpcf7-f2208-o1\" lang=\"de-DE\" dir=\"ltr\" data-wpcf7-id=\"2208\">\n<div class=\"screen-reader-response\"><p role=\"status\" aria-live=\"polite\" aria-atomic=\"true\"><\/p> <ul><\/ul><\/div>\n<form action=\"\/de\/wp-json\/wp\/v2\/pages\/1830#wpcf7-f2208-o1\" method=\"post\" class=\"wpcf7-form init\" aria-label=\"Contact form\" novalidate=\"novalidate\" data-status=\"init\">\n<fieldset class=\"hidden-fields-container\"><input type=\"hidden\" name=\"_wpcf7\" value=\"2208\" \/><input type=\"hidden\" name=\"_wpcf7_version\" value=\"6.1.1\" \/><input type=\"hidden\" name=\"_wpcf7_locale\" value=\"de_DE\" \/><input type=\"hidden\" name=\"_wpcf7_unit_tag\" value=\"wpcf7-f2208-o1\" \/><input type=\"hidden\" name=\"_wpcf7_container_post\" value=\"0\" \/><input type=\"hidden\" name=\"_wpcf7_posted_data_hash\" value=\"\" \/>\n<\/fieldset>\n<div class=\"container\">\n\t<div id=\"ajax-form\">\n\t\t<div class=\"six columns\" data-scroll-reveal=\"enter bottom move 100px over 0.6s after 0.2s\">\n\t\t\t<p><span class=\"wpcf7-form-control-wrap\" data-name=\"your-name\"><input size=\"40\" maxlength=\"400\" class=\"wpcf7-form-control wpcf7-text wpcf7-validates-as-required\" aria-required=\"true\" aria-invalid=\"false\" placeholder=\"Dein Name:*\" value=\"\" type=\"text\" name=\"your-name\" \/><\/span>\n\t\t\t<\/p>\n\t\t<\/div>\n\t\t<div class=\"six columns\" data-scroll-reveal=\"enter bottom move 100px over 0.6s after 0.2s\">\n\t\t\t<p><span class=\"wpcf7-form-control-wrap\" data-name=\"your-email\"><input size=\"40\" maxlength=\"400\" class=\"wpcf7-form-control wpcf7-email wpcf7-validates-as-required wpcf7-text wpcf7-validates-as-email\" aria-required=\"true\" aria-invalid=\"false\" placeholder=\"Email:*\" value=\"\" type=\"email\" name=\"your-email\" \/><\/span>\n\t\t\t<\/p>\n\t\t<\/div>\n\t\t<div class=\"twelve columns\" data-scroll-reveal=\"enter bottom move 100px over 0.6s after 0.2s\">\n\t\t\t<p><span class=\"wpcf7-form-control-wrap\" data-name=\"your-message\"><textarea cols=\"40\" rows=\"10\" maxlength=\"2000\" class=\"wpcf7-form-control wpcf7-textarea\" aria-invalid=\"false\" placeholder=\"Bemerkungen:*\" name=\"your-message\"><\/textarea><\/span>\n\t\t\t<\/p>\n\t\t<\/div>\n\t\t<div class=\"twelve columns\" data-scroll-reveal=\"enter bottom move 100px over 0.6s after 0.2s\">\n\t\t\t<div id=\"button-con\">\n\t\t\t\t<p><button class=\"send_message wpcf7-form-control wpcf7-submit\"><span data-hover=\"Senden\">Senden<\/span><\/button>\n\t\t\t\t<\/p>\n\t\t\t<\/div>\n\t\t<\/div>\n\t\t<div class=\"clear\">\n\t\t<\/div>\n\t<\/div>\n<\/div><div class=\"wpcf7-response-output\" aria-hidden=\"true\"><\/div>\n<\/form>\n<\/div>\n[\/vc_column][\/vc_row]<\/p>\n","protected":false},"excerpt":{"rendered":"<p>[vc_row full_width=&#8221;yes&#8221; just_pattern=&#8221;no&#8221; el_id=&#8221;home&#8221; css=&#8221;.vc_custom_1678246475272{margin-top: -65px !important;}&#8221;][vc_column][vc_raw_html]W3Jldl9zbGlkZXIgYWxpYXM9InNsaWRlci0xIl1bL3Jldl9zbGlkZXJd[\/vc_raw_html][\/vc_column][\/vc_row][vc_row css=&#8221;.vc_custom_1678245564783{padding-top: 60px !important;background-color: #ffffff !important;}&#8221; el_id=&#8221;\u00dcBER UNS&#8221;][vc_column column_effect=&#8221;topmove&#8221; time=&#8221;1&#8243; distance=&#8221;150&#8243;][vc_column_text el_class=&#8221;uper-text align-center&#8221; css=&#8221;.vc_custom_1680209392843{padding-top: 25px !important;padding-bottom: 30px !important;}&#8221;]Caricafe ist ein Kaffeeh\u00e4ndler, der seit mehr als 40 Jahren in Honduras aktiv ist; Dar\u00fcber hinaus verwalten wir die Logistik f\u00fcr jede Verschiffung, die Qualit\u00e4tskontrolle f\u00fcr jede versendete Verschiffung und bieten Unterst\u00fctzung [&hellip;]<\/p>\n","protected":false},"author":1,"featured_media":0,"parent":0,"menu_order":0,"comment_status":"closed","ping_status":"closed","template":"page-templates\/page-fullwidth.php","meta":{"footnotes":""},"class_list":["post-1830","page","type-page","status-publish","hentry"],"_links":{"self":[{"href":"https:\/\/caricafellc.com\/de\/wp-json\/wp\/v2\/pages\/1830","targetHints":{"allow":["GET"]}}],"collection":[{"href":"https:\/\/caricafellc.com\/de\/wp-json\/wp\/v2\/pages"}],"about":[{"href":"https:\/\/caricafellc.com\/de\/wp-json\/wp\/v2\/types\/page"}],"author":[{"embeddable":true,"href":"https:\/\/caricafellc.com\/de\/wp-json\/wp\/v2\/users\/1"}],"replies":[{"embeddable":true,"href":"https:\/\/caricafellc.com\/de\/wp-json\/wp\/v2\/comments?post=1830"}],"version-history":[{"count":170,"href":"https:\/\/caricafellc.com\/de\/wp-json\/wp\/v2\/pages\/1830\/revisions"}],"predecessor-version":[{"id":5218,"href":"https:\/\/caricafellc.com\/de\/wp-json\/wp\/v2\/pages\/1830\/revisions\/5218"}],"wp:attachment":[{"href":"https:\/\/caricafellc.com\/de\/wp-json\/wp\/v2\/media?parent=1830"}],"curies":[{"name":"wp","href":"https:\/\/api.w.org\/{rel}","templated":true}]}}