{"id":1833,"date":"2022-11-02T19:25:45","date_gmt":"2022-11-02T19:25:45","guid":{"rendered":"http:\/\/caricafellc.com\/caricafe-qualitaetskontrolle\/"},"modified":"2023-04-20T08:35:21","modified_gmt":"2023-04-20T08:35:21","slug":"caricafe-qualitaetskontrolle","status":"publish","type":"page","link":"https:\/\/caricafellc.com\/de\/caricafe-qualitaetskontrolle\/","title":{"rendered":"Caricafe-Qualit\u00e4tskontrolle"},"content":{"rendered":"<p>[vc_row css=&#8221;.vc_custom_1673391117079{margin-top: 150px !important;}&#8221;][vc_column][vc_custom_heading text=&#8221;QUALIT\u00c4TSKONTROLLLABOR&#8221; font_container=&#8221;tag:h4|text_align:center&#8221;][\/vc_column][\/vc_row][vc_row][vc_column width=&#8221;3\/4&#8243;][vc_gallery type=&#8221;flexslider_slide&#8221; interval=&#8221;3&#8243; images=&#8221;1520,1522&#8243; img_size=&#8221;large&#8221;][\/vc_column][vc_column width=&#8221;1\/4&#8243;][vc_cta h2=&#8221;PHYSIKALISCHE UND SENSORISCHE KAFFEEANALYSE&#8221; h2_font_container=&#8221;tag:h3|text_align:center&#8221; h2_google_fonts=&#8221;font_family:Cuprum%3Aregular%2Citalic%2C700%2C700italic|font_style:700%20bold%20regular%3A700%3Anormal&#8221; txt_align=&#8221;center&#8221; style=&#8221;outline&#8221; color=&#8221;mulled-wine&#8221; use_custom_fonts_h2=&#8221;true&#8221;]<\/p>\n<p style=\"text-align: justify;\"><span style=\"font-family: helvetica;\">Jede exportierte Charge wird vor dem Versand einer gr\u00fcndlichen physischen und olfaktorischen Pr\u00fcfung unterzogen, die unsere Qualit\u00e4tsstandards auf den Pr\u00fcfstand stellt und sicherstellt, dass der Kunde die vereinbarte Qualit\u00e4t erh\u00e4lt.<\/span><\/p>\n<p>[\/vc_cta][vc_cta h2=&#8221;Sendungsverwaltung f\u00fcr Kaffee&#8221; h2_font_container=&#8221;tag:h3|text_align:center&#8221; h2_google_fonts=&#8221;font_family:Cuprum%3Aregular%2Citalic%2C700%2C700italic|font_style:700%20bold%20regular%3A700%3Anormal&#8221; txt_align=&#8221;center&#8221; style=&#8221;outline&#8221; color=&#8221;turquoise&#8221; use_custom_fonts_h2=&#8221;true&#8221;]<\/p>\n<p style=\"text-align: justify;\"><span style=\"font-family: helvetica;\">Unser Ziel ist es, so viele Informationen wie m\u00f6glich von den Lieferanten zu sammeln, um den Verschiffungsprozess zu organisieren und zu standardisieren und, was noch wichtiger ist, das fr\u00fchere Musterversand und die anschlie\u00dfende Dokumentation zu sammeln, damit der Versandzyklus fortgesetzt werden kann.<\/span><\/p>\n<p>[\/vc_cta][\/vc_column][\/vc_row]<\/p>\n","protected":false},"excerpt":{"rendered":"<p>[vc_row css=&#8221;.vc_custom_1673391117079{margin-top: 150px !important;}&#8221;][vc_column][vc_custom_heading text=&#8221;QUALIT\u00c4TSKONTROLLLABOR&#8221; font_container=&#8221;tag:h4|text_align:center&#8221;][\/vc_column][\/vc_row][vc_row][vc_column width=&#8221;3\/4&#8243;][vc_gallery type=&#8221;flexslider_slide&#8221; interval=&#8221;3&#8243; images=&#8221;1520,1522&#8243; img_size=&#8221;large&#8221;][\/vc_column][vc_column width=&#8221;1\/4&#8243;][vc_cta h2=&#8221;PHYSIKALISCHE UND SENSORISCHE KAFFEEANALYSE&#8221; h2_font_container=&#8221;tag:h3|text_align:center&#8221; h2_google_fonts=&#8221;font_family:Cuprum%3Aregular%2Citalic%2C700%2C700italic|font_style:700%20bold%20regular%3A700%3Anormal&#8221; txt_align=&#8221;center&#8221; style=&#8221;outline&#8221; color=&#8221;mulled-wine&#8221; use_custom_fonts_h2=&#8221;true&#8221;] Jede exportierte Charge wird vor dem Versand einer gr\u00fcndlichen physischen und olfaktorischen Pr\u00fcfung unterzogen, die unsere Qualit\u00e4tsstandards auf den Pr\u00fcfstand stellt und sicherstellt, dass der Kunde die vereinbarte Qualit\u00e4t erh\u00e4lt. [\/vc_cta][vc_cta h2=&#8221;Sendungsverwaltung f\u00fcr [&hellip;]<\/p>\n","protected":false},"author":1,"featured_media":0,"parent":0,"menu_order":0,"comment_status":"closed","ping_status":"closed","template":"page-templates\/page-fullwidth.php","meta":{"footnotes":""},"class_list":["post-1833","page","type-page","status-publish","hentry"],"_links":{"self":[{"href":"https:\/\/caricafellc.com\/de\/wp-json\/wp\/v2\/pages\/1833","targetHints":{"allow":["GET"]}}],"collection":[{"href":"https:\/\/caricafellc.com\/de\/wp-json\/wp\/v2\/pages"}],"about":[{"href":"https:\/\/caricafellc.com\/de\/wp-json\/wp\/v2\/types\/page"}],"author":[{"embeddable":true,"href":"https:\/\/caricafellc.com\/de\/wp-json\/wp\/v2\/users\/1"}],"replies":[{"embeddable":true,"href":"https:\/\/caricafellc.com\/de\/wp-json\/wp\/v2\/comments?post=1833"}],"version-history":[{"count":14,"href":"https:\/\/caricafellc.com\/de\/wp-json\/wp\/v2\/pages\/1833\/revisions"}],"predecessor-version":[{"id":2849,"href":"https:\/\/caricafellc.com\/de\/wp-json\/wp\/v2\/pages\/1833\/revisions\/2849"}],"wp:attachment":[{"href":"https:\/\/caricafellc.com\/de\/wp-json\/wp\/v2\/media?parent=1833"}],"curies":[{"name":"wp","href":"https:\/\/api.w.org\/{rel}","templated":true}]}}