{"id":2020,"date":"2022-10-14T23:29:24","date_gmt":"2022-10-14T23:29:24","guid":{"rendered":"http:\/\/caricafellc.com\/honduras\/"},"modified":"2023-03-29T06:02:29","modified_gmt":"2023-03-29T06:02:29","slug":"honduras","status":"publish","type":"page","link":"https:\/\/caricafellc.com\/de\/honduras\/","title":{"rendered":"Honduras"},"content":{"rendered":"<p>[vc_row][vc_column css=&#8221;.vc_custom_1679986427682{margin-top: 60px !important;}&#8221;]\t\n\t<h2 style=\"text-align: center;\" > Kaffee-Regionen in Honduras<\/h2>\t\n[vc_empty_space height=&#8221;30px&#8221;][\/vc_column][\/vc_row][vc_row][vc_column width=&#8221;1\/3&#8243; css=&#8221;.vc_custom_1665795121748{background-color: #788142 !important;}&#8221;][vc_empty_space height=&#8221;30px&#8221;][vc_single_image image=&#8221;1502&#8243; alignment=&#8221;center&#8221;][vc_hoverbox image=&#8221;1498&#8243; primary_title=&#8221;Cop\u00e1n&#8221; primary_title_font_container=&#8221;color:%23ffffff&#8221; hover_title=&#8221;&#8221; shape=&#8221;square&#8221; hover_background_color=&#8221;white&#8221; align=&#8221;left&#8221; use_custom_fonts_primary_title=&#8221;true&#8221;]<\/p>\n<p style=\"text-align: left;\"><strong>MERKMALE DES BECHERS:<\/strong><\/p>\n<p style=\"text-align: left;\">Kaffee mit s\u00fc\u00dfem Aroma, Schokoladengeschmack, cremigem K\u00f6rper, ausgewogen, mit einem s\u00fc\u00dfen und anhaltenden Nachgeschmack.<\/p>\n<p style=\"text-align: left;\"><strong>GEOGRAPHISCHE LAGE:<\/strong><\/p>\n<p style=\"text-align: left;\">Cop\u00e1n, Ocotepeque und Santa B\u00e1rbara<\/p>\n<p style=\"text-align: left;\"><strong>J\u00c4HRLICHE NIEDERSCHLAGSMENGE:<\/strong><\/p>\n<p style=\"text-align: left;\">1.300 &#8211; 2.300 mm<\/p>\n<p style=\"text-align: left;\"><strong>H\u00d6HENLAGE:<\/strong><\/p>\n<p style=\"text-align: left;\">1.000 &#8211; 1.700 Meter \u00fcber dem Meeresspiegel<\/p>\n<p style=\"text-align: left;\"><strong>TEMPERATUR:<\/strong><\/p>\n<p style=\"text-align: left;\">16 &#8211; 24 \u00b0C<\/p>\n<p style=\"text-align: left;\"><strong>ART DES SCHATTENS:<\/strong><\/p>\n<p style=\"text-align: left;\">Inga, Obst und Wald<\/p>\n<p style=\"text-align: left;\"><strong>BAUMSORTEN:<\/strong><\/p>\n<p style=\"text-align: left;\">Bourbon, Catua\u00ed, Pacas, Lempira und IHCAFE 90<\/p>\n<p style=\"text-align: left;\"><strong>ERNTEZEIT:<\/strong><\/p>\n<p style=\"text-align: left;\">November &#8211; M\u00e4rz<\/p>\n<p>&nbsp;<\/p>\n<p>[\/vc_hoverbox][\/vc_column][vc_column width=&#8221;1\/3&#8243; css=&#8221;.vc_custom_1665806886473{background-color: #f27733 !important;}&#8221;][vc_empty_space height=&#8221;30px&#8221;][vc_single_image image=&#8221;1504&#8243; img_size=&#8221;210&#215;150&#8243; alignment=&#8221;center&#8221;][vc_hoverbox image=&#8221;1488&#8243; primary_title=&#8221;Opalaca&#8221; primary_title_font_container=&#8221;color:%23ffffff&#8221; hover_title=&#8221;&#8221; shape=&#8221;square&#8221; hover_background_color=&#8221;white&#8221; align=&#8221;left&#8221; use_custom_fonts_primary_title=&#8221;true&#8221; css=&#8221;.vc_custom_1680067094597{background-color: #f27733 !important;}&#8221;]<\/p>\n<p style=\"text-align: left;\"><strong>MERKMALE DES BECHERS:<\/strong><br \/>\nKaffee mit einer feinen und delikaten S\u00e4ure, ausgewogen, mit Aromen von tropischen Fr\u00fcchten wie Trauben und Brombeeren, mit einem zitrischen Nachgeschmack.<br \/>\n<strong>GEOGRAPHISCHE LAGE:<\/strong><br \/>\nSanta B\u00e1rbara, Intibuca und Lempira<br \/>\n<strong>J\u00c4HRLICHE NIEDERSCHLAGSMENGE:<\/strong><br \/>\n1.300 &#8211; 2.300 mm<br \/>\n<strong>H\u00d6HENLAGE:<\/strong><br \/>\n1.100 &#8211; 1.700 msnm<br \/>\n<strong>TEMPERATUR:<\/strong><br \/>\n14 &#8211; 22 \u00b0C<br \/>\n<strong>ART DES SCHATTENS:<\/strong><br \/>\nInga, Obst und Wald<br \/>\n<strong>BAUMSORTEN:<\/strong><br \/>\nBourbon, Catua\u00ed, Lempira und Typica<br \/>\n<strong>ERNTEZEIT:<\/strong><br \/>\nNovember &#8211; M\u00e4rz<\/p>\n<p>[\/vc_hoverbox][\/vc_column][vc_column width=&#8221;1\/3&#8243; css=&#8221;.vc_custom_1665806936575{background-color: #7ec34e !important;}&#8221;][vc_empty_space height=&#8221;30px&#8221;][vc_single_image image=&#8221;2016&#8243; img_size=&#8221;210&#215;150&#8243; alignment=&#8221;center&#8221;][vc_hoverbox image=&#8221;1490&#8243; primary_title=&#8221;Montecillos&#8221; primary_title_font_container=&#8221;color:%23ffffff&#8221; hover_title=&#8221;&#8221; shape=&#8221;square&#8221; hover_background_color=&#8221;white&#8221; align=&#8221;left&#8221; use_custom_fonts_primary_title=&#8221;true&#8221; css=&#8221;.vc_custom_1680067028238{background-color: #7ec34e !important;}&#8221;]<\/p>\n<p style=\"text-align: left;\"><strong>MERKMALE DES BECHERS:<\/strong><br \/>\nKaffee mit fruchtigen und s\u00fc\u00dfen D\u00fcften, lebendige und helle S\u00e4ure, samtiger K\u00f6rper mit Zitrus- und Pfirsichgeschmack, mit einem anhaltenden Nachgeschmack.<br \/>\n<strong>GEOGRAPHISCHE LAGE:<\/strong><br \/>\nLa Paz, Comayagua und Intibuca<br \/>\n<strong>J\u00c4HRLICHE NIEDERSCHLAGSMENGE:<\/strong><br \/>\n1.300 &#8211; 2.300 mm<br \/>\n<strong>H\u00d6HENLAGE:<\/strong><br \/>\n1.200 &#8211; 1.700 msnm<br \/>\n<strong>TEMPERATUR:<\/strong><br \/>\n14 &#8211; 22 \u00b0C<br \/>\n<strong>ART DES SCHATTENS:<\/strong><br \/>\nInga, Forstwirtschaft, Forstwirtschaft und Kiefer<br \/>\n<strong>BAUMSORTEN:<\/strong><br \/>\nBourbon, Catua\u00ed, Lempira und Pacas<br \/>\n<strong>ERNTEZEIT:<\/strong><br \/>\nDezember bis M\u00e4rz<\/p>\n<p>[\/vc_hoverbox][\/vc_column][\/vc_row][vc_row][vc_column][vc_empty_space height=&#8221;30px&#8221;][\/vc_column][\/vc_row][vc_row][vc_column width=&#8221;1\/3&#8243; css=&#8221;.vc_custom_1665809167714{background-color: #3b3c75 !important;}&#8221;][vc_empty_space height=&#8221;30px&#8221;][vc_single_image image=&#8221;2003&#8243; alignment=&#8221;center&#8221;][vc_hoverbox image=&#8221;1498&#8243; primary_title=&#8221;Comayagua&#8221; primary_title_font_container=&#8221;color:%23ffffff&#8221; hover_title=&#8221;&#8221; shape=&#8221;square&#8221; hover_background_color=&#8221;white&#8221; align=&#8221;left&#8221; use_custom_fonts_primary_title=&#8221;true&#8221;]<\/p>\n<p style=\"text-align: left;\"><strong>MERKMALE DES BECHERS:<\/strong><br \/>\nKaffee mit s\u00fc\u00dfen und fruchtigen Aromen, cremigem K\u00f6rper und ausgepr\u00e4gtem Zitrusgeschmack.<br \/>\n<strong>GEOGRAPHISCHE LAGE:<\/strong><br \/>\nComyagua, Francisco Moraz\u00e1n, La Paz und Intibuc\u00e1<br \/>\n<strong>J\u00c4HRLICHE NIEDERSCHLAGSMENGE:<\/strong><br \/>\n1.300 &#8211; 2.300 mm<br \/>\n<strong>H\u00d6HENLAGE:<\/strong><br \/>\n1.100 &#8211; 1.700 mnsm<br \/>\n<strong>TEMPERATUR:<\/strong><br \/>\n16 &#8211; 22 \u00b0C<br \/>\n<strong>ART DES SCHATTENS:<\/strong><br \/>\nInga, Obst und Wald<br \/>\n<strong>BAUMSORTEN:<\/strong><br \/>\nBourbon, Catua\u00ed, Lempira und Pacas<br \/>\n<strong>ERNTEZEIT:<\/strong><br \/>\nDezember &#8211; M\u00e4rz<\/p>\n<p>&nbsp;<\/p>\n<p>[\/vc_hoverbox][\/vc_column][vc_column width=&#8221;1\/3&#8243; css=&#8221;.vc_custom_1665811283096{background-color: #c63441 !important;}&#8221;][vc_empty_space height=&#8221;30px&#8221;][vc_single_image image=&#8221;1506&#8243; alignment=&#8221;center&#8221;][vc_hoverbox image=&#8221;1510&#8243; primary_title=&#8221;Agalta&#8221; primary_title_font_container=&#8221;color:%23ffffff&#8221; hover_title=&#8221;&#8221; shape=&#8221;square&#8221; hover_background_color=&#8221;white&#8221; align=&#8221;left&#8221; use_custom_fonts_primary_title=&#8221;true&#8221; css=&#8221;.vc_custom_1680067165646{background-color: #c63441 !important;}&#8221;]<\/p>\n<p style=\"text-align: left;\"><strong>MERKMALE DES BECHERS:<\/strong><br \/>\nKaffee mit Karamellduft, mit verschiedenen Aromen von tropischen Fr\u00fcchten und einem s\u00fc\u00dfen Nachgeschmack.<br \/>\n<strong>GEOGRAPHISCHE LAGE:<\/strong><br \/>\nOlancho, Yoro , Atl\u00e1ndida y Col\u00f3n<br \/>\n<strong>J\u00c4HRLICHE NIEDERSCHLAGSMENGE:<\/strong><br \/>\n1.300 &#8211; 2.300 mm<br \/>\n<strong>H\u00d6HENLAGE:<\/strong><br \/>\n1.100 &#8211; 1.700 Meter \u00fcber dem Meeresspiegel<br \/>\n<strong>TEMPERATUR:<\/strong><br \/>\n16 &#8211; 24 \u00b0C<br \/>\n<strong>ART DES SCHATTENS:<\/strong><br \/>\nInga, Obst und Wald<br \/>\n<strong>BAUMSORTEN:<\/strong><br \/>\nBourbon, Typica, Caturra und Lempira<br \/>\n<strong>ERNTEZEIT:<\/strong><br \/>\nNovember &#8211; M\u00e4rz<\/p>\n<p>[\/vc_hoverbox][\/vc_column][vc_column width=&#8221;1\/3&#8243; css=&#8221;.vc_custom_1665811307240{background-color: #fcd228 !important;}&#8221;][vc_empty_space height=&#8221;30px&#8221;][vc_single_image image=&#8221;2007&#8243; alignment=&#8221;center&#8221;][vc_hoverbox image=&#8221;1508&#8243; primary_title=&#8221;El Paraiso&#8221; primary_title_font_container=&#8221;color:%23ffffff&#8221; hover_title=&#8221;&#8221; shape=&#8221;square&#8221; hover_background_color=&#8221;white&#8221; align=&#8221;left&#8221; use_custom_fonts_primary_title=&#8221;true&#8221; css=&#8221;.vc_custom_1680066726512{background-color: #fcd228 !important;}&#8221;]<\/p>\n<p style=\"text-align: left;\"><strong>MERKMALE DES BECHERS:<\/strong><br \/>\nS\u00fc\u00dfer Kaffeeduft und weicher K\u00f6rper, ausgewogene Zitrusaromen und lang anhaltender Nachgeschmack.<br \/>\n<strong>GEOGRAPHISCHE LAGE:<\/strong><br \/>\nEl Para\u00edso, Choluteca y Francisco Morazan<br \/>\n<strong>J\u00c4HRLICHE NIEDERSCHLAGSMENGE:<\/strong><br \/>\n1.300 &#8211; 2.300 mm<br \/>\n<strong>H\u00d6HENLAGE:<\/strong><br \/>\n1.100 &#8211; 1.700 msnm<br \/>\n<strong>TEMPERATUR:<\/strong><br \/>\n16 &#8211; 24 \u00b0C<br \/>\n<strong>ART DES SCHATTENS:<\/strong><br \/>\nInga, Obst und Wald<br \/>\n<strong>BAUMSORTEN:<\/strong><br \/>\nCatua\u00ed, Caturra, Parainema und Lempira<br \/>\n<strong>ERNTEZEIT:<\/strong><br \/>\nDezember &#8211; M\u00e4rz<\/p>\n<p>&nbsp;<\/p>\n<p>[\/vc_hoverbox][\/vc_column][\/vc_row][vc_row][vc_column][vc_empty_space height=&#8221;40px&#8221;][\/vc_column][\/vc_row]<\/p>\n","protected":false},"excerpt":{"rendered":"<p>[vc_row][vc_column css=&#8221;.vc_custom_1679986427682{margin-top: 60px !important;}&#8221;][vc_empty_space height=&#8221;30px&#8221;][\/vc_column][\/vc_row][vc_row][vc_column width=&#8221;1\/3&#8243; css=&#8221;.vc_custom_1665795121748{background-color: #788142 !important;}&#8221;][vc_empty_space height=&#8221;30px&#8221;][vc_single_image image=&#8221;1502&#8243; alignment=&#8221;center&#8221;][vc_hoverbox image=&#8221;1498&#8243; primary_title=&#8221;Cop\u00e1n&#8221; primary_title_font_container=&#8221;color:%23ffffff&#8221; hover_title=&#8221;&#8221; shape=&#8221;square&#8221; hover_background_color=&#8221;white&#8221; align=&#8221;left&#8221; use_custom_fonts_primary_title=&#8221;true&#8221;] MERKMALE DES BECHERS: Kaffee mit s\u00fc\u00dfem Aroma, Schokoladengeschmack, cremigem K\u00f6rper, ausgewogen, mit einem s\u00fc\u00dfen und anhaltenden Nachgeschmack. GEOGRAPHISCHE LAGE: Cop\u00e1n, Ocotepeque und Santa B\u00e1rbara J\u00c4HRLICHE NIEDERSCHLAGSMENGE: 1.300 &#8211; 2.300 mm H\u00d6HENLAGE: 1.000 &#8211; 1.700 Meter [&hellip;]<\/p>\n","protected":false},"author":1,"featured_media":0,"parent":0,"menu_order":0,"comment_status":"closed","ping_status":"closed","template":"page-templates\/page-fullwidth.php","meta":{"footnotes":""},"class_list":["post-2020","page","type-page","status-publish","hentry"],"_links":{"self":[{"href":"https:\/\/caricafellc.com\/de\/wp-json\/wp\/v2\/pages\/2020","targetHints":{"allow":["GET"]}}],"collection":[{"href":"https:\/\/caricafellc.com\/de\/wp-json\/wp\/v2\/pages"}],"about":[{"href":"https:\/\/caricafellc.com\/de\/wp-json\/wp\/v2\/types\/page"}],"author":[{"embeddable":true,"href":"https:\/\/caricafellc.com\/de\/wp-json\/wp\/v2\/users\/1"}],"replies":[{"embeddable":true,"href":"https:\/\/caricafellc.com\/de\/wp-json\/wp\/v2\/comments?post=2020"}],"version-history":[{"count":60,"href":"https:\/\/caricafellc.com\/de\/wp-json\/wp\/v2\/pages\/2020\/revisions"}],"predecessor-version":[{"id":2648,"href":"https:\/\/caricafellc.com\/de\/wp-json\/wp\/v2\/pages\/2020\/revisions\/2648"}],"wp:attachment":[{"href":"https:\/\/caricafellc.com\/de\/wp-json\/wp\/v2\/media?parent=2020"}],"curies":[{"name":"wp","href":"https:\/\/api.w.org\/{rel}","templated":true}]}}