{"id":1843,"date":"2015-10-29T04:25:58","date_gmt":"2015-10-29T04:25:58","guid":{"rendered":"http:\/\/caricafellc.com\/inicio\/"},"modified":"2026-04-17T22:41:58","modified_gmt":"2026-04-17T22:41:58","slug":"inicio","status":"publish","type":"page","link":"https:\/\/caricafellc.com\/es\/","title":{"rendered":"Inicio"},"content":{"rendered":"<p>[vc_row full_width=&#8221;yes&#8221; just_pattern=&#8221;no&#8221; el_id=&#8221;home&#8221; css=&#8221;.vc_custom_1678246867627{margin-top: -65px !important;}&#8221;][vc_column][vc_raw_html]JTVCcmV2X3NsaWRlciUyMGFsaWFzJTNEJTIyc2xpZGVyLTElMjIlNUQlNUIlMkZyZXZfc2xpZGVyJTVE[\/vc_raw_html][\/vc_column][\/vc_row][vc_row css=&#8221;.vc_custom_1678243727860{padding-top: 60px !important;background-color: #ffffff !important;}&#8221; el_id=&#8221;Acerca de Nosotros&#8221;][vc_column column_effect=&#8221;topmove&#8221; time=&#8221;1&#8243; distance=&#8221;150&#8243;]\t\n\t<h2 style=\"text-align: center;\" > Sobre nosotros<\/h2>\t\n[vc_column_text el_class=&#8221;uper-text align-center&#8221; css=&#8221;.vc_custom_1680033183884{padding-top: 25px !important;padding-bottom: 30px !important;}&#8221;]<strong>CARICAFE ES UN AGENTE DE CAF\u00c9 CON M\u00c1S DE 40 A\u00d1OS DE ACTIVIDAD EN HONDURAS; ADEM\u00c1S, GESTIONAMOS LA LOG\u00cdSTICA DE CADA ENV\u00cdO, EL CONTROL DE CALIDAD DE CADA LOTE QUE SE ENV\u00cdA Y OFRECEMOS APOYO EN LA FIJACI\u00d3N DE PRECIOS.<\/strong>[\/vc_column_text][\/vc_column][vc_column width=&#8221;1\/4&#8243; column_effect=&#8221;bottommove&#8221; time=&#8221;1&#8243; distance=&#8221;150&#8243;]\t\n\t<div class=\"about-what-we-do\">\n\t\t<div class=\"icon-left1\"><div class=\"fab fa-accessible-icon\"><\/div><\/div>\n\t\t<h5>REDES<\/h5>\n\t\t<p>Nuestra amplia red de proveedores, que abarca desde peque\u00f1os agricultores hasta cooperativas y exportadores de caf\u00e9, es la soluci\u00f3n compatible con sus necesidades de abastecimiento.<\/p>\n\t<\/div>\n\n[\/vc_column][vc_column width=&#8221;1\/4&#8243; column_effect=&#8221;bottommove&#8221; time=&#8221;1&#8243; distance=&#8221;150&#8243; css=&#8221;.vc_custom_1665009811204{margin-top: -10px !important;}&#8221;]\t\n\t<div class=\"about-what-we-do\">\n\t\t<div class=\"icon-left1\"><div class=\"fab fa-accessible-icon\"><\/div><\/div>\n\t\t<h5>CARICAFE CONTROL DE CALIDAD<\/h5>\n\t\t<p>Somos el primer agente de caf\u00e9 que por m\u00e1s de 40 a\u00f1os inspeccion\u00f3 la calidad de cada lote enviado para nuestros compradores y eso forma una medida adicional que ofrecemos a nuestros compradores.<\/p>\n\t<\/div>\n\n[vc_btn title=&#8221;Haga clic aqu\u00ed&#8221; style=&#8221;3d&#8221; shape=&#8221;square&#8221; color=&#8221;vista-blue&#8221; align=&#8221;center&#8221; link=&#8221;url:http%3A%2F%2Fcaricafellc.com%2Fes%2Fcontrol-de-calidad-de-caricafe%2F|title:Control%20de%20calidad%20de%20Caricafe|&#8221;][\/vc_column][vc_column width=&#8221;1\/4&#8243; column_effect=&#8221;bottommove&#8221; time=&#8221;1&#8243; distance=&#8221;150&#8243; css=&#8221;.vc_custom_1673392018882{margin-top: -10px !important;}&#8221;]\t\n\t<div class=\"about-what-we-do\">\n\t\t<div class=\"icon-left1\"><div class=\"fab fa-accessible-icon\"><\/div><\/div>\n\t\t<h5>SOPORTE DE FIJACI\u00d3N DE PRECIOS<\/h5>\n\t\t<p>Para la fijaci\u00f3n de precios, el exportador y el comprador pueden realizar sus pedidos con nosotros, y luego coordinamos y realizamos el pedido entre el comprador y el vendedor con un cumplimiento del plazo del 100%.<\/p>\n\t<\/div>\n\n[\/vc_column][vc_column width=&#8221;1\/4&#8243; column_effect=&#8221;bottommove&#8221; time=&#8221;1&#8243; distance=&#8221;150&#8243;]\t\n\t<div class=\"about-what-we-do\">\n\t\t<div class=\"icon-left1\"><div class=\"fab fa-accessible-icon\"><\/div><\/div>\n\t\t<h5>LOG\u00cdSTICA<\/h5>\n\t\t<p>Ofrecemos un excelente apoyo log\u00edstico a nuestros compradores, donde cumplimos funciones como revisi\u00f3n de documentos, reservas, seguimiento de env\u00edos y control exhaustivo del tr\u00e1fico.<\/p>\n\t<\/div>\n\n[\/vc_column][\/vc_row][vc_row css=&#8221;.vc_custom_1678248036144{padding-top: 80px !important;padding-bottom: 80px !important;}&#8221;][vc_column width=&#8221;1\/2&#8243; column_effect=&#8221;leftmove&#8221; time=&#8221;1&#8243; distance=&#8221;150&#8243; css=&#8221;.vc_custom_1669032679805{margin-left: -100px !important;}&#8221;][vc_raw_html]JTNDdmlkZW8lMjBzcmMlM0QlMjJodHRwcyUzQSUyRiUyRmNhcmljYWZlbGxjLmNvbSUyRndwLWNvbnRlbnQlMkZ1cGxvYWRzJTJGMjAyMiUyRjExJTJGQ2FyaWNhZmUtUGxhbnRfLm1wNCUyMiUyMHdpZHRoJTNEJTIyODAwJTIyJTIwaGVpZ2h0JTNEJTIyNDAwJTIyJTIwYXV0b3BsYXklMjBtdXRlZCUyMGxvb3AlM0UlM0MlMkZ2aWRlbyUzRQ==[\/vc_raw_html][\/vc_column][vc_column width=&#8221;1\/2&#8243; column_effect=&#8221;rightmove&#8221; time=&#8221;1&#8243; distance=&#8221;150&#8243; css=&#8221;.vc_custom_1669032696277{margin-left: 100px !important;padding-top: 40px !important;}&#8221;]\t\n\t<h3 style=\"text-align: left;\" > SOMOS UN SOCIO DE CONFIANZA PARA SUS NECESIDADES DE ABASTECIMIENTO DE CAF\u00c9<\/h3>\t\n[vc_column_text css=&#8221;.vc_custom_1664988267875{padding-top: 40px !important;}&#8221;]Ofrecemos un valor \u00f3ptimo en sus necesidades comerciales, log\u00edsticas, de control de calidad y de mercado &#8220;C[\/vc_column_text]\t\n\t\t\n\t\t<div class=\"sections-link-pages\"><div class=\"cl-effect dark\" style=\"text-align: left\"><a data-gal=\"m_PageScroll2id\" data-ps2id-offset=\"65\" href=\"#contact\"><span data-hover=\"Habla con origen\">Habla con origen<\/span><\/a><\/div><\/div>\n\t[\/vc_column][\/vc_row][vc_row css=&#8221;.vc_custom_1447681957446{padding-top: 30px !important;padding-bottom: 30px !important;background-color: #ffffff !important;}&#8221;][vc_column]\n\t<div id=\"owl-logos\" class=\"owl-carousel owl-theme\">\n\t\t\t\t\t<div class=\"item\"><img decoding=\"async\" src=\"https:\/\/caricafellc.com\/wp-content\/uploads\/2022\/04\/USDA_Organic-Negro.png\" alt=\"\"><\/div>\n\t\t\t\t\t<div class=\"item\"><img decoding=\"async\" src=\"https:\/\/caricafellc.com\/wp-content\/uploads\/2022\/04\/Imagen1.png\" alt=\"\"><\/div>\n\t\t\t\t\t<div class=\"item\"><img decoding=\"async\" src=\"https:\/\/caricafellc.com\/wp-content\/uploads\/2022\/04\/bird-friendly.png\" alt=\"\"><\/div>\n\t\t\t\t\t<div class=\"item\"><img decoding=\"async\" src=\"https:\/\/caricafellc.com\/wp-content\/uploads\/2022\/04\/Flocert.jpg\" alt=\"\"><\/div>\n\t\t\t\t\t<div class=\"item\"><img decoding=\"async\" src=\"https:\/\/caricafellc.com\/wp-content\/uploads\/2022\/04\/RA_Seal_Core_Green_and_White.png\" alt=\"\"><\/div>\n\t\t\t\t\t<div class=\"item\"><img decoding=\"async\" src=\"https:\/\/caricafellc.com\/wp-content\/uploads\/2022\/10\/eu-organic-logo-600x400_0.png\" alt=\"\"><\/div>\n\t\t\t\t\t<div class=\"item\"><img decoding=\"async\" src=\"https:\/\/caricafellc.com\/wp-content\/uploads\/2022\/10\/fair-for-life.png\" alt=\"\"><\/div>\n\t\t\t\t\t<div class=\"item\"><img decoding=\"async\" src=\"https:\/\/caricafellc.com\/wp-content\/uploads\/2022\/10\/Fair_trade-usa.jpg\" alt=\"\"><\/div>\n\t\t\t\t\t<div class=\"item\"><img decoding=\"async\" src=\"https:\/\/caricafellc.com\/wp-content\/uploads\/2022\/10\/JAS.png\" alt=\"\"><\/div>\n\t\t\t\t\t<div class=\"item\"><img decoding=\"async\" src=\"https:\/\/caricafellc.com\/wp-content\/uploads\/2022\/10\/Con-Manos-de-Mujer.png\" alt=\"\"><\/div>\n\t\t\t\t\t<div class=\"item\"><img decoding=\"async\" src=\"https:\/\/caricafellc.com\/wp-content\/uploads\/2023\/03\/Logo-Carbono-Neutral-600x300-1-1.png\" alt=\"\"><\/div>\n\t\t\t\t\t<div class=\"item\"><img decoding=\"async\" src=\"https:\/\/caricafellc.com\/wp-content\/uploads\/2023\/04\/ROC.png\" alt=\"\"><\/div>\n\t\t\t\n\t<\/div>\n\t\t\t\n[\/vc_column][\/vc_row][vc_row full_width=&#8221;yes&#8221; css=&#8221;.vc_custom_1447681976178{padding-top: 60px !important;padding-bottom: 60px !important;}&#8221; el_id=&#8221;jurnal&#8221;][vc_column column_effect=&#8221;topmove&#8221; time=&#8221;1&#8243; distance=&#8221;150&#8243;]\t\n\t<h4 style=\"text-align: center;\" > ESTAD\u00cdSTICAS, REPORTES DE MERCADO Y NOTICIAS DE CAF\u00c9<\/h4>\t\n[vc_column_text el_class=&#8221;uper-text align-center&#8221; css=&#8221;.vc_custom_1664989859744{padding-top: 25px !important;padding-bottom: 30px !important;}&#8221;]Hemos seleccionado una serie de fuentes por su inter\u00e9s en estad\u00edsticas y noticias sobre el caf\u00e9[\/vc_column_text][\/vc_column][\/vc_row][vc_row css=&#8221;.vc_custom_1681975508685{margin-top: -100px !important;border-radius: 2px !important;}&#8221;][vc_column width=&#8221;1\/2&#8243;][vc_custom_heading text=&#8221;Reporte Estad\u00edstico 2023-2024&#8243; font_container=&#8221;tag:h5|font_size:30|text_align:right&#8221; google_fonts=&#8221;font_family:Cuprum%3Aregular%2Citalic%2C700%2C700italic|font_style:400%20regular%3A400%3Anormal&#8221;][\/vc_column][vc_column width=&#8221;1\/2&#8243;][vc_btn title=&#8221;Descargar&#8221; color=&#8221;green&#8221; size=&#8221;sm&#8221; align=&#8221;left&#8221; i_icon_fontawesome=&#8221;fas fa-download&#8221; add_icon=&#8221;true&#8221; link=&#8221;url:https%3A%2F%2Fcaricafellc.com%2F%3Fsdm_process_download%3D1%26download_id%3D4918&#8243;][\/vc_column][\/vc_row][vc_row][vc_column][vc_separator color=&#8221;black&#8221; style=&#8221;dotted&#8221;][\/vc_column][\/vc_row][vc_row css=&#8221;.vc_custom_1681974362247{margin-top: -100px !important;border-radius: 2px !important;}&#8221;][vc_column width=&#8221;1\/2&#8243;][vc_custom_heading text=&#8221;Abril 16\/2026 Estad\u00edsticas de Exportaci\u00f3n&#8221; font_container=&#8221;tag:h5|font_size:30|text_align:right&#8221; google_fonts=&#8221;font_family:Cuprum%3Aregular%2Citalic%2C700%2C700italic|font_style:400%20regular%3A400%3Anormal&#8221; link=&#8221;url:https%3A%2F%2Fcaricafellc.com%2F%3Fsdm_process_download%3D1%26download_id%3D5180|title:Avril%2016%2F2026%20Statistiques%20d%E2%80%99exportation&#8221;][\/vc_column][vc_column width=&#8221;1\/2&#8243;][vc_btn title=&#8221;Descargar&#8221; color=&#8221;green&#8221; size=&#8221;sm&#8221; align=&#8221;left&#8221; i_icon_fontawesome=&#8221;fas fa-download&#8221; add_icon=&#8221;true&#8221; link=&#8221;url:https%3A%2F%2Fcaricafellc.com%2F%3Fsdm_process_download%3D1%26download_id%3D5190&#8243;][\/vc_column][\/vc_row][vc_row css=&#8221;.vc_custom_1447681986858{padding-top: 60px !important;padding-bottom: 60px !important;background-color: #ffffff !important;}&#8221; el_id=&#8221;contactar con&#8221;][vc_column column_effect=&#8221;topmove&#8221; time=&#8221;1&#8243; distance=&#8221;150&#8243;]\t\n\t<h4 style=\"text-align: center;\" > Env\u00edenos un mensaje<\/h4>\t\n[vc_column_text el_class=&#8221;uper-text align-center&#8221; css=&#8221;.vc_custom_1664991023220{padding-top: 25px !important;padding-bottom: 30px !important;}&#8221;]Nos interesa que nos env\u00ede solicitudes de presupuesto, inter\u00e9s por comprar u otras preguntas sobre lo que hacemos. Nuestros informes de mercado tambi\u00e9n estar\u00e1n disponibles en cuanto los publiquemos.[\/vc_column_text][\/vc_column][vc_column column_effect=&#8221;bottommove&#8221; time=&#8221;1&#8243; distance=&#8221;150&#8243;]\n<div class=\"wpcf7 no-js\" id=\"wpcf7-f2209-o1\" lang=\"es-ES\" dir=\"ltr\" data-wpcf7-id=\"2209\">\n<div class=\"screen-reader-response\"><p role=\"status\" aria-live=\"polite\" aria-atomic=\"true\"><\/p> <ul><\/ul><\/div>\n<form action=\"\/es\/wp-json\/wp\/v2\/pages\/1843#wpcf7-f2209-o1\" method=\"post\" class=\"wpcf7-form init\" aria-label=\"Formulario de contacto\" novalidate=\"novalidate\" data-status=\"init\">\n<fieldset class=\"hidden-fields-container\"><input type=\"hidden\" name=\"_wpcf7\" value=\"2209\" \/><input type=\"hidden\" name=\"_wpcf7_version\" value=\"6.1.1\" \/><input type=\"hidden\" name=\"_wpcf7_locale\" value=\"es_ES\" \/><input type=\"hidden\" name=\"_wpcf7_unit_tag\" value=\"wpcf7-f2209-o1\" \/><input type=\"hidden\" name=\"_wpcf7_container_post\" value=\"0\" \/><input type=\"hidden\" name=\"_wpcf7_posted_data_hash\" value=\"\" \/>\n<\/fieldset>\n<div class=\"container\">\n\t<div id=\"ajax-form\">\n\t\t<div class=\"six columns\" data-scroll-reveal=\"enter bottom move 100px over 0.6s after 0.2s\">\n\t\t\t<p><span class=\"wpcf7-form-control-wrap\" data-name=\"your-name\"><input size=\"40\" maxlength=\"400\" class=\"wpcf7-form-control wpcf7-text wpcf7-validates-as-required\" aria-required=\"true\" aria-invalid=\"false\" placeholder=\"Su Nombre:*\" value=\"\" type=\"text\" name=\"your-name\" \/><\/span>\n\t\t\t<\/p>\n\t\t<\/div>\n\t\t<div class=\"six columns\" data-scroll-reveal=\"enter bottom move 100px over 0.6s after 0.2s\">\n\t\t\t<p><span class=\"wpcf7-form-control-wrap\" data-name=\"your-email\"><input size=\"40\" maxlength=\"400\" class=\"wpcf7-form-control wpcf7-email wpcf7-validates-as-required wpcf7-text wpcf7-validates-as-email\" aria-required=\"true\" aria-invalid=\"false\" placeholder=\"Correo electr\u00f3nico:*\" value=\"\" type=\"email\" name=\"your-email\" \/><\/span>\n\t\t\t<\/p>\n\t\t<\/div>\n\t\t<div class=\"twelve columns\" data-scroll-reveal=\"enter bottom move 100px over 0.6s after 0.2s\">\n\t\t\t<p><span class=\"wpcf7-form-control-wrap\" data-name=\"your-message\"><textarea cols=\"40\" rows=\"10\" maxlength=\"2000\" class=\"wpcf7-form-control wpcf7-textarea\" aria-invalid=\"false\" placeholder=\"Comentarios:*\" name=\"your-message\"><\/textarea><\/span>\n\t\t\t<\/p>\n\t\t<\/div>\n\t\t<div class=\"twelve columns\" data-scroll-reveal=\"enter bottom move 100px over 0.6s after 0.2s\">\n\t\t\t<div id=\"button-con\">\n\t\t\t\t<p><button class=\"send_message wpcf7-form-control wpcf7-submit\"><span data-hover=\"Enviar\">Enviar<\/span><\/button>\n\t\t\t\t<\/p>\n\t\t\t<\/div>\n\t\t<\/div>\n\t\t<div class=\"clear\">\n\t\t<\/div>\n\t<\/div>\n<\/div><div class=\"wpcf7-response-output\" aria-hidden=\"true\"><\/div>\n<\/form>\n<\/div>\n[\/vc_column][\/vc_row]<\/p>\n","protected":false},"excerpt":{"rendered":"<p>[vc_row full_width=&#8221;yes&#8221; just_pattern=&#8221;no&#8221; el_id=&#8221;home&#8221; css=&#8221;.vc_custom_1678246867627{margin-top: -65px !important;}&#8221;][vc_column][vc_raw_html]JTVCcmV2X3NsaWRlciUyMGFsaWFzJTNEJTIyc2xpZGVyLTElMjIlNUQlNUIlMkZyZXZfc2xpZGVyJTVE[\/vc_raw_html][\/vc_column][\/vc_row][vc_row css=&#8221;.vc_custom_1678243727860{padding-top: 60px !important;background-color: #ffffff !important;}&#8221; el_id=&#8221;Acerca de Nosotros&#8221;][vc_column column_effect=&#8221;topmove&#8221; time=&#8221;1&#8243; distance=&#8221;150&#8243;][vc_column_text el_class=&#8221;uper-text align-center&#8221; css=&#8221;.vc_custom_1680033183884{padding-top: 25px !important;padding-bottom: 30px !important;}&#8221;]CARICAFE ES UN AGENTE DE CAF\u00c9 CON M\u00c1S DE 40 A\u00d1OS DE ACTIVIDAD EN HONDURAS; ADEM\u00c1S, GESTIONAMOS LA LOG\u00cdSTICA DE CADA ENV\u00cdO, EL CONTROL DE CALIDAD DE CADA LOTE QUE SE [&hellip;]<\/p>\n","protected":false},"author":1,"featured_media":0,"parent":0,"menu_order":0,"comment_status":"closed","ping_status":"closed","template":"page-templates\/page-fullwidth.php","meta":{"footnotes":""},"class_list":["post-1843","page","type-page","status-publish","hentry"],"_links":{"self":[{"href":"https:\/\/caricafellc.com\/es\/wp-json\/wp\/v2\/pages\/1843","targetHints":{"allow":["GET"]}}],"collection":[{"href":"https:\/\/caricafellc.com\/es\/wp-json\/wp\/v2\/pages"}],"about":[{"href":"https:\/\/caricafellc.com\/es\/wp-json\/wp\/v2\/types\/page"}],"author":[{"embeddable":true,"href":"https:\/\/caricafellc.com\/es\/wp-json\/wp\/v2\/users\/1"}],"replies":[{"embeddable":true,"href":"https:\/\/caricafellc.com\/es\/wp-json\/wp\/v2\/comments?post=1843"}],"version-history":[{"count":152,"href":"https:\/\/caricafellc.com\/es\/wp-json\/wp\/v2\/pages\/1843\/revisions"}],"predecessor-version":[{"id":5199,"href":"https:\/\/caricafellc.com\/es\/wp-json\/wp\/v2\/pages\/1843\/revisions\/5199"}],"wp:attachment":[{"href":"https:\/\/caricafellc.com\/es\/wp-json\/wp\/v2\/media?parent=1843"}],"curies":[{"name":"wp","href":"https:\/\/api.w.org\/{rel}","templated":true}]}}