{"id":1855,"date":"2015-09-09T08:06:50","date_gmt":"2015-09-09T08:06:50","guid":{"rendered":"http:\/\/caricafellc.com\/contacte-con\/"},"modified":"2023-01-09T21:27:31","modified_gmt":"2023-01-09T21:27:31","slug":"contacte-con","status":"publish","type":"page","link":"https:\/\/caricafellc.com\/es\/contacte-con\/","title":{"rendered":"Contacte con"},"content":{"rendered":"<p>[vc_row css=&#8221;.vc_custom_1441787398918{padding-top: 50px !important;padding-bottom: 50px !important;background-color: #ffffff !important;}&#8221;][vc_column column_effect=&#8221;topmove&#8221; time=&#8221;3&#8243; distance=&#8221;250&#8243;][\/vc_column][\/vc_row][vc_row css=&#8221;.vc_custom_1441787757516{padding-top: 50px !important;padding-bottom: 60px !important;}&#8221;][vc_column column_effect=&#8221;topmove&#8221; time=&#8221;1.5&#8243; distance=&#8221;250&#8243;]\t\n\t<h4 style=\"text-align: center;\" > ENV\u00cdANOS UN MENSAJE<\/h4>\t\n[vc_column_text el_class=&#8221;uper-text align-center&#8221; css=&#8221;.vc_custom_1664992396779{padding-top: 25px !important;padding-bottom: 30px !important;}&#8221;]P\u00f3ngase en contacto con nosotros para obtener m\u00e1s informaci\u00f3n[\/vc_column_text][\/vc_column][vc_column]\n<div class=\"wpcf7 no-js\" id=\"wpcf7-f2209-o1\" lang=\"es-ES\" dir=\"ltr\" data-wpcf7-id=\"2209\">\n<div class=\"screen-reader-response\"><p role=\"status\" aria-live=\"polite\" aria-atomic=\"true\"><\/p> <ul><\/ul><\/div>\n<form action=\"\/es\/wp-json\/wp\/v2\/pages\/1855#wpcf7-f2209-o1\" method=\"post\" class=\"wpcf7-form init\" aria-label=\"Formulario de contacto\" novalidate=\"novalidate\" data-status=\"init\">\n<fieldset class=\"hidden-fields-container\"><input type=\"hidden\" name=\"_wpcf7\" value=\"2209\" \/><input type=\"hidden\" name=\"_wpcf7_version\" value=\"6.1.1\" \/><input type=\"hidden\" name=\"_wpcf7_locale\" value=\"es_ES\" \/><input type=\"hidden\" name=\"_wpcf7_unit_tag\" value=\"wpcf7-f2209-o1\" \/><input type=\"hidden\" name=\"_wpcf7_container_post\" value=\"0\" \/><input type=\"hidden\" name=\"_wpcf7_posted_data_hash\" value=\"\" \/>\n<\/fieldset>\n<div class=\"container\">\n\t<div id=\"ajax-form\">\n\t\t<div class=\"six columns\" data-scroll-reveal=\"enter bottom move 100px over 0.6s after 0.2s\">\n\t\t\t<p><span class=\"wpcf7-form-control-wrap\" data-name=\"your-name\"><input size=\"40\" maxlength=\"400\" class=\"wpcf7-form-control wpcf7-text wpcf7-validates-as-required\" aria-required=\"true\" aria-invalid=\"false\" placeholder=\"Su Nombre:*\" value=\"\" type=\"text\" name=\"your-name\" \/><\/span>\n\t\t\t<\/p>\n\t\t<\/div>\n\t\t<div class=\"six columns\" data-scroll-reveal=\"enter bottom move 100px over 0.6s after 0.2s\">\n\t\t\t<p><span class=\"wpcf7-form-control-wrap\" data-name=\"your-email\"><input size=\"40\" maxlength=\"400\" class=\"wpcf7-form-control wpcf7-email wpcf7-validates-as-required wpcf7-text wpcf7-validates-as-email\" aria-required=\"true\" aria-invalid=\"false\" placeholder=\"Correo electr\u00f3nico:*\" value=\"\" type=\"email\" name=\"your-email\" \/><\/span>\n\t\t\t<\/p>\n\t\t<\/div>\n\t\t<div class=\"twelve columns\" data-scroll-reveal=\"enter bottom move 100px over 0.6s after 0.2s\">\n\t\t\t<p><span class=\"wpcf7-form-control-wrap\" data-name=\"your-message\"><textarea cols=\"40\" rows=\"10\" maxlength=\"2000\" class=\"wpcf7-form-control wpcf7-textarea\" aria-invalid=\"false\" placeholder=\"Comentarios:*\" name=\"your-message\"><\/textarea><\/span>\n\t\t\t<\/p>\n\t\t<\/div>\n\t\t<div class=\"twelve columns\" data-scroll-reveal=\"enter bottom move 100px over 0.6s after 0.2s\">\n\t\t\t<div id=\"button-con\">\n\t\t\t\t<p><button class=\"send_message wpcf7-form-control wpcf7-submit\"><span data-hover=\"Enviar\">Enviar<\/span><\/button>\n\t\t\t\t<\/p>\n\t\t\t<\/div>\n\t\t<\/div>\n\t\t<div class=\"clear\">\n\t\t<\/div>\n\t<\/div>\n<\/div><div class=\"wpcf7-response-output\" aria-hidden=\"true\"><\/div>\n<\/form>\n<\/div>\n[\/vc_column][\/vc_row][vc_row css=&#8221;.vc_custom_1441791351514{padding-top: 30px !important;padding-bottom: 30px !important;background-color: #414141 !important;}&#8221;][vc_column column_effect=&#8221;bottommove&#8221; time=&#8221;1.5&#8243; distance=&#8221;100&#8243;]\t\n\t\t\t<div class=\"sections-link-pages\"><div class=\"cl-effect\"><a data-gal=\"m_PageScroll2id\" data-ps2id-offset=\"65\" href=\"http:\/\/caricafellc.com\/trade\/\"><span data-hover=\"Personalice su inter\u00e9s de compra\">Personalice su inter\u00e9s de compra<\/span><\/a><\/div><\/div>\n\t[\/vc_column][\/vc_row]<\/p>\n","protected":false},"excerpt":{"rendered":"<p>[vc_row css=&#8221;.vc_custom_1441787398918{padding-top: 50px !important;padding-bottom: 50px !important;background-color: #ffffff !important;}&#8221;][vc_column column_effect=&#8221;topmove&#8221; time=&#8221;3&#8243; distance=&#8221;250&#8243;][\/vc_column][\/vc_row][vc_row css=&#8221;.vc_custom_1441787757516{padding-top: 50px !important;padding-bottom: 60px !important;}&#8221;][vc_column column_effect=&#8221;topmove&#8221; time=&#8221;1.5&#8243; distance=&#8221;250&#8243;][vc_column_text el_class=&#8221;uper-text align-center&#8221; css=&#8221;.vc_custom_1664992396779{padding-top: 25px !important;padding-bottom: 30px !important;}&#8221;]P\u00f3ngase en contacto con nosotros para obtener m\u00e1s informaci\u00f3n[\/vc_column_text][\/vc_column][vc_column][\/vc_column][\/vc_row][vc_row css=&#8221;.vc_custom_1441791351514{padding-top: 30px !important;padding-bottom: 30px !important;background-color: #414141 !important;}&#8221;][vc_column column_effect=&#8221;bottommove&#8221; time=&#8221;1.5&#8243; distance=&#8221;100&#8243;][\/vc_column][\/vc_row]<\/p>\n","protected":false},"author":1,"featured_media":0,"parent":0,"menu_order":0,"comment_status":"closed","ping_status":"closed","template":"page-templates\/page-fullwidth.php","meta":{"footnotes":""},"class_list":["post-1855","page","type-page","status-publish","hentry"],"_links":{"self":[{"href":"https:\/\/caricafellc.com\/es\/wp-json\/wp\/v2\/pages\/1855","targetHints":{"allow":["GET"]}}],"collection":[{"href":"https:\/\/caricafellc.com\/es\/wp-json\/wp\/v2\/pages"}],"about":[{"href":"https:\/\/caricafellc.com\/es\/wp-json\/wp\/v2\/types\/page"}],"author":[{"embeddable":true,"href":"https:\/\/caricafellc.com\/es\/wp-json\/wp\/v2\/users\/1"}],"replies":[{"embeddable":true,"href":"https:\/\/caricafellc.com\/es\/wp-json\/wp\/v2\/comments?post=1855"}],"version-history":[{"count":4,"href":"https:\/\/caricafellc.com\/es\/wp-json\/wp\/v2\/pages\/1855\/revisions"}],"predecessor-version":[{"id":2212,"href":"https:\/\/caricafellc.com\/es\/wp-json\/wp\/v2\/pages\/1855\/revisions\/2212"}],"wp:attachment":[{"href":"https:\/\/caricafellc.com\/es\/wp-json\/wp\/v2\/media?parent=1855"}],"curies":[{"name":"wp","href":"https:\/\/api.w.org\/{rel}","templated":true}]}}