{"id":1858,"date":"2022-11-02T19:25:45","date_gmt":"2022-11-02T19:25:45","guid":{"rendered":"http:\/\/caricafellc.com\/control-de-calidad-de-caricafe\/"},"modified":"2023-04-20T08:29:01","modified_gmt":"2023-04-20T08:29:01","slug":"control-de-calidad-de-caricafe","status":"publish","type":"page","link":"https:\/\/caricafellc.com\/es\/control-de-calidad-de-caricafe\/","title":{"rendered":"Control de calidad de Caricafe"},"content":{"rendered":"<p>[vc_row css=&#8221;.vc_custom_1673395307259{margin-top: 150px !important;}&#8221;][vc_column][vc_custom_heading text=&#8221;LABORATORIO DE CONTROL DE CALIDAD&#8221; font_container=&#8221;tag:h4|text_align:center&#8221;][vc_empty_space][\/vc_column][\/vc_row][vc_row][vc_column width=&#8221;3\/4&#8243;][vc_gallery type=&#8221;flexslider_slide&#8221; interval=&#8221;3&#8243; images=&#8221;1708,1709&#8243; img_size=&#8221;large&#8221;][\/vc_column][vc_column width=&#8221;1\/4&#8243;][vc_cta h2=&#8221;SERVICIO DE AN\u00c1LISIS F\u00cdSICO Y SENSORIAL DEL CAF\u00c9&#8221; h2_font_container=&#8221;tag:h3|text_align:center&#8221; h2_google_fonts=&#8221;font_family:Cuprum%3Aregular%2Citalic%2C700%2C700italic|font_style:700%20bold%20regular%3A700%3Anormal&#8221; txt_align=&#8221;center&#8221; style=&#8221;outline&#8221; color=&#8221;mulled-wine&#8221; use_custom_fonts_h2=&#8221;true&#8221;]<\/p>\n<p style=\"text-align: justify;\"><span style=\"font-family: tahoma, arial, helvetica, sans-serif;\">Cada lote de exportaci\u00f3n se somete a un minucioso examen f\u00edsico y olfativo antes de ser enviado, lo que pone a prueba nuestros est\u00e1ndares de calidad y garantiza que el cliente obtenga la calidad acordada.<\/span><\/p>\n<p>[\/vc_cta][vc_cta h2=&#8221;GESTI\u00d3N DE EMBARQUES DE CAF\u00c9&#8221; h2_font_container=&#8221;tag:h3|text_align:center&#8221; h2_google_fonts=&#8221;font_family:Cuprum%3Aregular%2Citalic%2C700%2C700italic|font_style:700%20bold%20regular%3A700%3Anormal&#8221; txt_align=&#8221;center&#8221; style=&#8221;outline&#8221; color=&#8221;turquoise&#8221; use_custom_fonts_h2=&#8221;true&#8221;]<\/p>\n<p style=\"text-align: justify;\"><span style=\"font-family: helvetica;\">Nuestro objetivo es recabar toda la informaci\u00f3n posible de los proveedores para organizar el proceso de embarque y, lo que es m\u00e1s importante, agilizar el procedimiento previo al env\u00edo de muestras preembarque y la revisi\u00f3n de documentos posterior para que el ciclo de embarque pueda llevarse a cabo.<\/span><\/p>\n<p>[\/vc_cta][\/vc_column][\/vc_row]<\/p>\n","protected":false},"excerpt":{"rendered":"<p>[vc_row css=&#8221;.vc_custom_1673395307259{margin-top: 150px !important;}&#8221;][vc_column][vc_custom_heading text=&#8221;LABORATORIO DE CONTROL DE CALIDAD&#8221; font_container=&#8221;tag:h4|text_align:center&#8221;][vc_empty_space][\/vc_column][\/vc_row][vc_row][vc_column width=&#8221;3\/4&#8243;][vc_gallery type=&#8221;flexslider_slide&#8221; interval=&#8221;3&#8243; images=&#8221;1708,1709&#8243; img_size=&#8221;large&#8221;][\/vc_column][vc_column width=&#8221;1\/4&#8243;][vc_cta h2=&#8221;SERVICIO DE AN\u00c1LISIS F\u00cdSICO Y SENSORIAL DEL CAF\u00c9&#8221; h2_font_container=&#8221;tag:h3|text_align:center&#8221; h2_google_fonts=&#8221;font_family:Cuprum%3Aregular%2Citalic%2C700%2C700italic|font_style:700%20bold%20regular%3A700%3Anormal&#8221; txt_align=&#8221;center&#8221; style=&#8221;outline&#8221; color=&#8221;mulled-wine&#8221; use_custom_fonts_h2=&#8221;true&#8221;] Cada lote de exportaci\u00f3n se somete a un minucioso examen f\u00edsico y olfativo antes de ser enviado, lo que pone a prueba nuestros est\u00e1ndares de [&hellip;]<\/p>\n","protected":false},"author":1,"featured_media":0,"parent":0,"menu_order":0,"comment_status":"closed","ping_status":"closed","template":"page-templates\/page-fullwidth.php","meta":{"footnotes":""},"class_list":["post-1858","page","type-page","status-publish","hentry"],"_links":{"self":[{"href":"https:\/\/caricafellc.com\/es\/wp-json\/wp\/v2\/pages\/1858","targetHints":{"allow":["GET"]}}],"collection":[{"href":"https:\/\/caricafellc.com\/es\/wp-json\/wp\/v2\/pages"}],"about":[{"href":"https:\/\/caricafellc.com\/es\/wp-json\/wp\/v2\/types\/page"}],"author":[{"embeddable":true,"href":"https:\/\/caricafellc.com\/es\/wp-json\/wp\/v2\/users\/1"}],"replies":[{"embeddable":true,"href":"https:\/\/caricafellc.com\/es\/wp-json\/wp\/v2\/comments?post=1858"}],"version-history":[{"count":22,"href":"https:\/\/caricafellc.com\/es\/wp-json\/wp\/v2\/pages\/1858\/revisions"}],"predecessor-version":[{"id":2843,"href":"https:\/\/caricafellc.com\/es\/wp-json\/wp\/v2\/pages\/1858\/revisions\/2843"}],"wp:attachment":[{"href":"https:\/\/caricafellc.com\/es\/wp-json\/wp\/v2\/media?parent=1858"}],"curies":[{"name":"wp","href":"https:\/\/api.w.org\/{rel}","templated":true}]}}