{"id":1710,"date":"2015-10-29T04:25:58","date_gmt":"2015-10-29T04:25:58","guid":{"rendered":"http:\/\/caricafellc.com\/accueil\/"},"modified":"2026-04-30T21:33:58","modified_gmt":"2026-04-30T21:33:58","slug":"accueil","status":"publish","type":"page","link":"https:\/\/caricafellc.com\/fr\/","title":{"rendered":"Accueil"},"content":{"rendered":"<p>[vc_row full_width=&#8221;yes&#8221; just_pattern=&#8221;no&#8221; el_id=&#8221;home&#8221; css=&#8221;.vc_custom_1678246760496{margin-top: -65px !important;}&#8221;][vc_column][vc_raw_html]W3Jldl9zbGlkZXIgYWxpYXM9InNsaWRlci0xIl1bL3Jldl9zbGlkZXJd[\/vc_raw_html][\/vc_column][\/vc_row][vc_row full_width=&#8221;yes&#8221; just_pattern=&#8221;no&#8221;][vc_column][\/vc_column][\/vc_row][vc_row css=&#8221;.vc_custom_1447681790276{padding-top: 60px !important;padding-bottom: 60px !important;background-color: #ffffff !important;}&#8221; el_id=&#8221;\u00e0 propos de&#8221;][vc_column column_effect=&#8221;topmove&#8221; time=&#8221;1&#8243; distance=&#8221;150&#8243;]\t\n\t<h2 style=\"text-align: center;\" > \u00c0 PROPOS DE NOUS<\/h2>\t\n[vc_column_text el_class=&#8221;uper-text align-center&#8221; css=&#8221;.vc_custom_1680033152839{padding-top: 25px !important;padding-bottom: 30px !important;}&#8221;]<\/p>\n<p style=\"text-align: center;\">CARICAFE EST UN AGENT DE CAF\u00c9 AVEC PLUS DE 40 ANS D&#8217;ACTIVIT\u00c9 AU HONDURAS ; DE PLUS, NOUS G\u00c9RONS LA LOGISTIQUE POUR CHAQUE EXP\u00c9DITION, LE CONTR\u00d4LE QUALIT\u00c9 POUR CHAQUE LOT EXP\u00c9DI\u00c9 ET OFFRONS UN SOUTIEN \u00c0 LA FIXATION DES PRIX.<\/p>\n<p>[\/vc_column_text][\/vc_column][vc_column width=&#8221;1\/4&#8243; column_effect=&#8221;bottommove&#8221; time=&#8221;1&#8243; distance=&#8221;150&#8243;]\t\n\t<div class=\"about-what-we-do\">\n\t\t<div class=\"icon-left1\"><div class=\"fab fa-accessible-icon\"><\/div><\/div>\n\t\t<h5>R\u00c9SEAUTAGE<\/h5>\n\t\t<p>Notre r\u00e9seau complet de fournisseurs, qui va des petits exploitants agricoles aux coop\u00e9ratives de caf\u00e9 et aux exportateurs, est la solution compatible avec vos besoins d&#8217;approvisionnement.<\/p>\n\t<\/div>\n\n[\/vc_column][vc_column width=&#8221;1\/4&#8243; column_effect=&#8221;bottommove&#8221; time=&#8221;1&#8243; distance=&#8221;150&#8243; css=&#8221;.vc_custom_1665009811204{margin-top: -10px !important;}&#8221;]\t\n\t<div class=\"about-what-we-do\">\n\t\t<div class=\"icon-left1\"><div class=\"fab fa-accessible-icon\"><\/div><\/div>\n\t\t<h5>CARICAFE CONTR\u00d4LE DE QUALIT\u00c9<\/h5>\n\t\t<p>Nous sommes le premier agent de caf\u00e9 qui, depuis plus de 40 ans, inspecte la qualit\u00e9 de chaque lot exp\u00e9di\u00e9 pour nos acheteurs, ce qui constitue un service suppl\u00e9mentaire que nous offrons \u00e0 nos acheteurs.<\/p>\n\t<\/div>\n\n[vc_btn title=&#8221;Cliquez ici&#8221; style=&#8221;3d&#8221; shape=&#8221;square&#8221; color=&#8221;vista-blue&#8221; align=&#8221;center&#8221; link=&#8221;url:http%3A%2F%2Fcaricafellc.com%2Ffr%2Fcontrole-de-qualite-caricafe%2F|title:Contr%C3%B4le%20de%20qualit%C3%A9%20Caricafe|&#8221;][\/vc_column][vc_column width=&#8221;1\/4&#8243; column_effect=&#8221;bottommove&#8221; time=&#8221;1&#8243; distance=&#8221;150&#8243; css=&#8221;.vc_custom_1673402366034{margin-top: -10px !important;}&#8221;]\t\n\t<div class=\"about-what-we-do\">\n\t\t<div class=\"icon-left1\"><div class=\"fab fa-accessible-icon\"><\/div><\/div>\n\t\t<h5>ASSISTANCE \u00c0 LA FIXATION DES PRIX<\/h5>\n\t\t<p>Pour les fixations de prix, l&#8217;exportateur et l&#8217;acheteur peuvent nous passer leurs commandes, puis nous coordonnons et passons la commande entre l&#8217;acheteur et le vendeur avec une ex\u00e9cution \u00e0 100 % des d\u00e9lais.<\/p>\n\t<\/div>\n\n[\/vc_column][vc_column width=&#8221;1\/4&#8243; column_effect=&#8221;bottommove&#8221; time=&#8221;1&#8243; distance=&#8221;150&#8243;]\t\n\t<div class=\"about-what-we-do\">\n\t\t<div class=\"icon-left1\"><div class=\"fab fa-accessible-icon\"><\/div><\/div>\n\t\t<h5>LOGISTIQUE<\/h5>\n\t\t<p>Nous offrons un excellent soutien logistique \u00e0 nos acheteurs en remplissant des fonctions telles que la r\u00e9vision des documents, les r\u00e9servations, le suivi des exp\u00e9ditions et la surveillance compl\u00e8te du trafic.<\/p>\n\t<\/div>\n\n[\/vc_column][\/vc_row][vc_row css=&#8221;.vc_custom_1669032619274{padding-top: 80px !important;padding-bottom: 80px !important;}&#8221;][vc_column width=&#8221;1\/2&#8243; column_effect=&#8221;leftmove&#8221; time=&#8221;1&#8243; distance=&#8221;150&#8243; css=&#8221;.vc_custom_1669032679805{margin-left: -100px !important;}&#8221;][vc_raw_html]JTNDdmlkZW8lMjBzcmMlM0QlMjJodHRwcyUzQSUyRiUyRmNhcmljYWZlbGxjLmNvbSUyRndwLWNvbnRlbnQlMkZ1cGxvYWRzJTJGMjAyMiUyRjExJTJGQ2FyaWNhZmUtUGxhbnRfLm1wNCUyMiUyMHdpZHRoJTNEJTIyODAwJTIyJTIwaGVpZ2h0JTNEJTIyNDAwJTIyJTIwYXV0b3BsYXklM0QlMjIlMjIlMjBtdXRlZCUzRCUyMiUyMiUyMGxvb3AlM0QlMjIlMjIlM0UlM0MlMkZ2aWRlbyUzRQ==[\/vc_raw_html][\/vc_column][vc_column width=&#8221;1\/2&#8243; column_effect=&#8221;rightmove&#8221; time=&#8221;1&#8243; distance=&#8221;150&#8243; css=&#8221;.vc_custom_1669032696277{margin-left: 100px !important;padding-top: 40px !important;}&#8221;]\t\n\t<h3 style=\"text-align: left;\" > NOUS SOMMES UN PARTENAIRE DE CONFIANCE POUR VOS BESOINS D'APPROVISIONNEMENT EN CAF\u00c9<\/h3>\t\n[vc_column_text css=&#8221;.vc_custom_1664988267875{padding-top: 40px !important;}&#8221;]Nous offrons une valeur optimale pour vos besoins en mati\u00e8re de commerce, de logistique, de contr\u00f4le de la qualit\u00e9 et de march\u00e9 &#8220;C&#8221;.[\/vc_column_text]\t\n\t\t\n\t\t<div class=\"sections-link-pages\"><div class=\"cl-effect dark\" style=\"text-align: left\"><a data-gal=\"m_PageScroll2id\" data-ps2id-offset=\"65\" href=\"#contact\"><span data-hover=\"Parlez \u00e0 l&#039;origine\">Parlez \u00e0 l&#039;origine<\/span><\/a><\/div><\/div>\n\t[\/vc_column][\/vc_row][vc_row css=&#8221;.vc_custom_1447681957446{padding-top: 30px !important;padding-bottom: 30px !important;background-color: #ffffff !important;}&#8221;][vc_column]\n\t<div id=\"owl-logos\" class=\"owl-carousel owl-theme\">\n\t\t\t\t\t<div class=\"item\"><img decoding=\"async\" src=\"https:\/\/caricafellc.com\/wp-content\/uploads\/2022\/04\/USDA_Organic-Negro.png\" alt=\"\"><\/div>\n\t\t\t\t\t<div class=\"item\"><img decoding=\"async\" src=\"https:\/\/caricafellc.com\/wp-content\/uploads\/2022\/04\/Imagen1.png\" alt=\"\"><\/div>\n\t\t\t\t\t<div class=\"item\"><img decoding=\"async\" src=\"https:\/\/caricafellc.com\/wp-content\/uploads\/2022\/04\/bird-friendly.png\" alt=\"\"><\/div>\n\t\t\t\t\t<div class=\"item\"><img decoding=\"async\" src=\"https:\/\/caricafellc.com\/wp-content\/uploads\/2022\/04\/Flocert.jpg\" alt=\"\"><\/div>\n\t\t\t\t\t<div class=\"item\"><img decoding=\"async\" src=\"https:\/\/caricafellc.com\/wp-content\/uploads\/2022\/04\/RA_Seal_Core_Green_and_White.png\" alt=\"\"><\/div>\n\t\t\t\t\t<div class=\"item\"><img decoding=\"async\" src=\"https:\/\/caricafellc.com\/wp-content\/uploads\/2022\/10\/eu-organic-logo-600x400_0.png\" alt=\"\"><\/div>\n\t\t\t\t\t<div class=\"item\"><img decoding=\"async\" src=\"https:\/\/caricafellc.com\/wp-content\/uploads\/2022\/10\/fair-for-life.png\" alt=\"\"><\/div>\n\t\t\t\t\t<div class=\"item\"><img decoding=\"async\" src=\"https:\/\/caricafellc.com\/wp-content\/uploads\/2022\/10\/Fair_trade-usa.jpg\" alt=\"\"><\/div>\n\t\t\t\t\t<div class=\"item\"><img decoding=\"async\" src=\"https:\/\/caricafellc.com\/wp-content\/uploads\/2022\/10\/JAS.png\" alt=\"\"><\/div>\n\t\t\t\t\t<div class=\"item\"><img decoding=\"async\" src=\"https:\/\/caricafellc.com\/wp-content\/uploads\/2022\/10\/Con-Manos-de-Mujer.png\" alt=\"\"><\/div>\n\t\t\t\t\t<div class=\"item\"><img decoding=\"async\" src=\"https:\/\/caricafellc.com\/wp-content\/uploads\/2023\/03\/Logo-Carbono-Neutral-600x300-1.png\" alt=\"\"><\/div>\n\t\t\t\t\t<div class=\"item\"><img decoding=\"async\" src=\"https:\/\/caricafellc.com\/wp-content\/uploads\/2023\/03\/Recurso-15@2x.png\" alt=\"\"><\/div>\n\t\t\t\t\t<div class=\"item\"><img decoding=\"async\" src=\"https:\/\/caricafellc.com\/wp-content\/uploads\/2023\/04\/ROC.png\" alt=\"\"><\/div>\n\t\t\t\n\t<\/div>\n\t\t\t\n[\/vc_column][\/vc_row][vc_row full_width=&#8221;yes&#8221; css=&#8221;.vc_custom_1447681976178{padding-top: 60px !important;padding-bottom: 60px !important;}&#8221; el_id=&#8221;jurnal&#8221;][vc_column column_effect=&#8221;topmove&#8221; time=&#8221;1&#8243; distance=&#8221;150&#8243;]\t\n\t<h4 style=\"text-align: center;\" > STATISTIQUES, RAPPORTS DE MARCH\u00c9 ET ACTUALIT\u00c9S SUR LE CAF\u00c9<\/h4>\t\n[vc_column_text el_class=&#8221;uper-text align-center&#8221; css=&#8221;.vc_custom_1664989859744{padding-top: 25px !important;padding-bottom: 30px !important;}&#8221;]Nous avons s\u00e9lectionn\u00e9 une s\u00e9rie de sources pour votre int\u00e9r\u00eat pour les statistiques et les nouvelles sur le caf\u00e9.[\/vc_column_text][\/vc_column][\/vc_row][vc_row css=&#8221;.vc_custom_1681975508685{margin-top: -100px !important;border-radius: 2px !important;}&#8221;][vc_column width=&#8221;1\/2&#8243;][vc_custom_heading text=&#8221;Rapport statistique 2023-2024&#8243; font_container=&#8221;tag:h5|font_size:30|text_align:right&#8221; google_fonts=&#8221;font_family:Cuprum%3Aregular%2Citalic%2C700%2C700italic|font_style:400%20regular%3A400%3Anormal&#8221;][\/vc_column][vc_column width=&#8221;1\/2&#8243;][vc_btn title=&#8221;T\u00e9l\u00e9charger&#8221; color=&#8221;green&#8221; size=&#8221;sm&#8221; align=&#8221;left&#8221; i_icon_fontawesome=&#8221;fas fa-download&#8221; add_icon=&#8221;true&#8221; link=&#8221;url:https%3A%2F%2Fcaricafellc.com%2F%3Fsdm_process_download%3D1%26download_id%3D4918&#8243;][\/vc_column][\/vc_row][vc_row][vc_column][vc_separator color=&#8221;black&#8221; style=&#8221;dotted&#8221;][\/vc_column][\/vc_row][vc_row css=&#8221;.vc_custom_1681974362247{margin-top: -100px !important;border-radius: 2px !important;}&#8221;][vc_column width=&#8221;1\/2&#8243;][vc_custom_heading text=&#8221;Avril 29\/2026 Statistiques d&#8217;exportation&#8221; font_container=&#8221;tag:h5|font_size:30|text_align:right&#8221; google_fonts=&#8221;font_family:Cuprum%3Aregular%2Citalic%2C700%2C700italic|font_style:400%20regular%3A400%3Anormal&#8221;][\/vc_column][vc_column width=&#8221;1\/2&#8243;][vc_btn title=&#8221;T\u00e9l\u00e9charger&#8221; color=&#8221;green&#8221; size=&#8221;sm&#8221; align=&#8221;left&#8221; i_icon_fontawesome=&#8221;fas fa-download&#8221; add_icon=&#8221;true&#8221; link=&#8221;url:https%3A%2F%2Fcaricafellc.com%2F%3Fsdm_process_download%3D1%26download_id%3D5212&#8243;][\/vc_column][\/vc_row][vc_row css=&#8221;.vc_custom_1447681986858{padding-top: 60px !important;padding-bottom: 60px !important;background-color: #ffffff !important;}&#8221; el_id=&#8221;contacter&#8221;][vc_column column_effect=&#8221;topmove&#8221; time=&#8221;1&#8243; distance=&#8221;150&#8243;]\t\n\t<h4 style=\"text-align: center;\" > Envoie-nous un message<\/h4>\t\n[vc_column_text el_class=&#8221;uper-text align-center&#8221; css=&#8221;.vc_custom_1664991023220{padding-top: 25px !important;padding-bottom: 30px !important;}&#8221;]Nous sommes int\u00e9ress\u00e9s par vos demandes de devis, vos int\u00e9r\u00eats d&#8217;achat ou d&#8217;autres questions sur ce que nous faisons. Nos rapports de march\u00e9 seront \u00e9galement disponibles d\u00e8s que nous les publierons.[\/vc_column_text][\/vc_column][vc_column column_effect=&#8221;bottommove&#8221; time=&#8221;1&#8243; distance=&#8221;150&#8243;]\n<div class=\"wpcf7 no-js\" id=\"wpcf7-f2207-o1\" lang=\"fr-FR\" dir=\"ltr\" data-wpcf7-id=\"2207\">\n<div class=\"screen-reader-response\"><p role=\"status\" aria-live=\"polite\" aria-atomic=\"true\"><\/p> <ul><\/ul><\/div>\n<form action=\"\/fr\/wp-json\/wp\/v2\/pages\/1710#wpcf7-f2207-o1\" method=\"post\" class=\"wpcf7-form init\" aria-label=\"Formulaire de contact\" novalidate=\"novalidate\" data-status=\"init\">\n<fieldset class=\"hidden-fields-container\"><input type=\"hidden\" name=\"_wpcf7\" value=\"2207\" \/><input type=\"hidden\" name=\"_wpcf7_version\" value=\"6.1.1\" \/><input type=\"hidden\" name=\"_wpcf7_locale\" value=\"fr_FR\" \/><input type=\"hidden\" name=\"_wpcf7_unit_tag\" value=\"wpcf7-f2207-o1\" \/><input type=\"hidden\" name=\"_wpcf7_container_post\" value=\"0\" \/><input type=\"hidden\" name=\"_wpcf7_posted_data_hash\" value=\"\" \/>\n<\/fieldset>\n<div class=\"container\">\n\t<div id=\"ajax-form\">\n\t\t<div class=\"six columns\" data-scroll-reveal=\"enter bottom move 100px over 0.6s after 0.2s\">\n\t\t\t<p><span class=\"wpcf7-form-control-wrap\" data-name=\"your-name\"><input size=\"40\" maxlength=\"400\" class=\"wpcf7-form-control wpcf7-text wpcf7-validates-as-required\" aria-required=\"true\" aria-invalid=\"false\" placeholder=\"Votre Nom:*\" value=\"\" type=\"text\" name=\"your-name\" \/><\/span>\n\t\t\t<\/p>\n\t\t<\/div>\n\t\t<div class=\"six columns\" data-scroll-reveal=\"enter bottom move 100px over 0.6s after 0.2s\">\n\t\t\t<p><span class=\"wpcf7-form-control-wrap\" data-name=\"your-email\"><input size=\"40\" maxlength=\"400\" class=\"wpcf7-form-control wpcf7-email wpcf7-validates-as-required wpcf7-text wpcf7-validates-as-email\" aria-required=\"true\" aria-invalid=\"false\" placeholder=\"E-Mail:*\" value=\"\" type=\"email\" name=\"your-email\" \/><\/span>\n\t\t\t<\/p>\n\t\t<\/div>\n\t\t<div class=\"twelve columns\" data-scroll-reveal=\"enter bottom move 100px over 0.6s after 0.2s\">\n\t\t\t<p><span class=\"wpcf7-form-control-wrap\" data-name=\"your-message\"><textarea cols=\"40\" rows=\"10\" maxlength=\"2000\" class=\"wpcf7-form-control wpcf7-textarea\" aria-invalid=\"false\" placeholder=\"Commentaires:*\" name=\"your-message\"><\/textarea><\/span>\n\t\t\t<\/p>\n\t\t<\/div>\n\t\t<div class=\"twelve columns\" data-scroll-reveal=\"enter bottom move 100px over 0.6s after 0.2s\">\n\t\t\t<div id=\"button-con\">\n\t\t\t\t<p><button class=\"send_message wpcf7-form-control wpcf7-submit\"><span data-hover=\"soumettre\">Soumettre<\/span><\/button>\n\t\t\t\t<\/p>\n\t\t\t<\/div>\n\t\t<\/div>\n\t\t<div class=\"clear\">\n\t\t<\/div>\n\t<\/div>\n<\/div><div class=\"wpcf7-response-output\" aria-hidden=\"true\"><\/div>\n<\/form>\n<\/div>\n[\/vc_column][\/vc_row]<\/p>\n","protected":false},"excerpt":{"rendered":"<p>[vc_row full_width=&#8221;yes&#8221; just_pattern=&#8221;no&#8221; el_id=&#8221;home&#8221; css=&#8221;.vc_custom_1678246760496{margin-top: -65px !important;}&#8221;][vc_column][vc_raw_html]W3Jldl9zbGlkZXIgYWxpYXM9InNsaWRlci0xIl1bL3Jldl9zbGlkZXJd[\/vc_raw_html][\/vc_column][\/vc_row][vc_row full_width=&#8221;yes&#8221; just_pattern=&#8221;no&#8221;][vc_column][\/vc_column][\/vc_row][vc_row css=&#8221;.vc_custom_1447681790276{padding-top: 60px !important;padding-bottom: 60px !important;background-color: #ffffff !important;}&#8221; el_id=&#8221;\u00e0 propos de&#8221;][vc_column column_effect=&#8221;topmove&#8221; time=&#8221;1&#8243; distance=&#8221;150&#8243;][vc_column_text el_class=&#8221;uper-text align-center&#8221; css=&#8221;.vc_custom_1680033152839{padding-top: 25px !important;padding-bottom: 30px !important;}&#8221;] CARICAFE EST UN AGENT DE CAF\u00c9 AVEC PLUS DE 40 ANS D&#8217;ACTIVIT\u00c9 AU HONDURAS ; DE PLUS, NOUS G\u00c9RONS LA LOGISTIQUE POUR CHAQUE EXP\u00c9DITION, LE CONTR\u00d4LE [&hellip;]<\/p>\n","protected":false},"author":1,"featured_media":0,"parent":0,"menu_order":0,"comment_status":"closed","ping_status":"closed","template":"page-templates\/page-fullwidth.php","meta":{"footnotes":""},"class_list":["post-1710","page","type-page","status-publish","hentry"],"_links":{"self":[{"href":"https:\/\/caricafellc.com\/fr\/wp-json\/wp\/v2\/pages\/1710","targetHints":{"allow":["GET"]}}],"collection":[{"href":"https:\/\/caricafellc.com\/fr\/wp-json\/wp\/v2\/pages"}],"about":[{"href":"https:\/\/caricafellc.com\/fr\/wp-json\/wp\/v2\/types\/page"}],"author":[{"embeddable":true,"href":"https:\/\/caricafellc.com\/fr\/wp-json\/wp\/v2\/users\/1"}],"replies":[{"embeddable":true,"href":"https:\/\/caricafellc.com\/fr\/wp-json\/wp\/v2\/comments?post=1710"}],"version-history":[{"count":152,"href":"https:\/\/caricafellc.com\/fr\/wp-json\/wp\/v2\/pages\/1710\/revisions"}],"predecessor-version":[{"id":5226,"href":"https:\/\/caricafellc.com\/fr\/wp-json\/wp\/v2\/pages\/1710\/revisions\/5226"}],"wp:attachment":[{"href":"https:\/\/caricafellc.com\/fr\/wp-json\/wp\/v2\/media?parent=1710"}],"curies":[{"name":"wp","href":"https:\/\/api.w.org\/{rel}","templated":true}]}}