{"id":1810,"date":"2022-11-02T19:25:45","date_gmt":"2022-11-02T19:25:45","guid":{"rendered":"http:\/\/caricafellc.com\/controle-de-qualite-caricafe\/"},"modified":"2023-04-20T08:37:10","modified_gmt":"2023-04-20T08:37:10","slug":"controle-de-qualite-caricafe","status":"publish","type":"page","link":"https:\/\/caricafellc.com\/fr\/controle-de-qualite-caricafe\/","title":{"rendered":"Contr\u00f4le de qualit\u00e9 Caricafe"},"content":{"rendered":"<p>[vc_row css=&#8221;.vc_custom_1673401830437{margin-top: 150px !important;}&#8221;][vc_column][vc_custom_heading text=&#8221;LABORATOIRE DE CONTR\u00d4LE DE LA QUALIT\u00c9&#8221; font_container=&#8221;tag:h4|text_align:center&#8221; google_fonts=&#8221;font_family:Cuprum%3Aregular%2Citalic%2C700%2C700italic|font_style:700%20bold%20regular%3A700%3Anormal&#8221;][\/vc_column][\/vc_row][vc_row][vc_column width=&#8221;3\/4&#8243;][vc_gallery type=&#8221;flexslider_slide&#8221; interval=&#8221;3&#8243; images=&#8221;1519,1521&#8243; img_size=&#8221;large&#8221;][\/vc_column][vc_column width=&#8221;1\/4&#8243;][vc_cta h2=&#8221;SERVICE D&#8217;ANALYSE PHYSIQUE ET SENSORIELLE DU CAF\u00c9&#8221; h2_font_container=&#8221;tag:h3|text_align:center&#8221; h2_google_fonts=&#8221;font_family:Cuprum%3Aregular%2Citalic%2C700%2C700italic|font_style:700%20bold%20regular%3A700%3Anormal&#8221; txt_align=&#8221;center&#8221; style=&#8221;outline&#8221; color=&#8221;mulled-wine&#8221; use_custom_fonts_h2=&#8221;true&#8221;]<\/p>\n<p style=\"text-align: justify;\"><span style=\"font-family: helvetica;\">Chaque lot d&#8217;exportation fait l&#8217;objet d&#8217;un examen physique et olfactif approfondi avant d&#8217;\u00eatre exp\u00e9di\u00e9, ce qui met nos normes de qualit\u00e9 \u00e0 l&#8217;\u00e9preuve et garantit que le client obtient la qualit\u00e9 convenue.<\/span><\/p>\n<p>[\/vc_cta][vc_cta h2=&#8221;GESTION DES EXP\u00c9DITIONS POUR LE CAF\u00c9&#8221; h2_font_container=&#8221;tag:h3|text_align:center&#8221; h2_google_fonts=&#8221;font_family:Cuprum%3Aregular%2Citalic%2C700%2C700italic|font_style:700%20bold%20regular%3A700%3Anormal&#8221; txt_align=&#8221;center&#8221; style=&#8221;outline&#8221; color=&#8221;turquoise&#8221; use_custom_fonts_h2=&#8221;true&#8221;]<\/p>\n<p style=\"text-align: justify;\"><span style=\"font-size: 12pt; font-family: helvetica;\">Afin d&#8217;organiser et de standardiser la proc\u00e9dure d&#8217;exp\u00e9dition et, plus important encore, de rationaliser l&#8217;envoi pr\u00e9coce des \u00e9chantillons avant exp\u00e9dition et de la documentation ult\u00e9rieure, notre objectif est de collecter autant d&#8217;informations que possible aupr\u00e8s des fournisseurs.<\/span><\/p>\n<p>[\/vc_cta][\/vc_column][\/vc_row]<\/p>\n","protected":false},"excerpt":{"rendered":"<p>[vc_row css=&#8221;.vc_custom_1673401830437{margin-top: 150px !important;}&#8221;][vc_column][vc_custom_heading text=&#8221;LABORATOIRE DE CONTR\u00d4LE DE LA QUALIT\u00c9&#8221; font_container=&#8221;tag:h4|text_align:center&#8221; google_fonts=&#8221;font_family:Cuprum%3Aregular%2Citalic%2C700%2C700italic|font_style:700%20bold%20regular%3A700%3Anormal&#8221;][\/vc_column][\/vc_row][vc_row][vc_column width=&#8221;3\/4&#8243;][vc_gallery type=&#8221;flexslider_slide&#8221; interval=&#8221;3&#8243; images=&#8221;1519,1521&#8243; img_size=&#8221;large&#8221;][\/vc_column][vc_column width=&#8221;1\/4&#8243;][vc_cta h2=&#8221;SERVICE D&#8217;ANALYSE PHYSIQUE ET SENSORIELLE DU CAF\u00c9&#8221; h2_font_container=&#8221;tag:h3|text_align:center&#8221; h2_google_fonts=&#8221;font_family:Cuprum%3Aregular%2Citalic%2C700%2C700italic|font_style:700%20bold%20regular%3A700%3Anormal&#8221; txt_align=&#8221;center&#8221; style=&#8221;outline&#8221; color=&#8221;mulled-wine&#8221; use_custom_fonts_h2=&#8221;true&#8221;] Chaque lot d&#8217;exportation fait l&#8217;objet d&#8217;un examen physique et olfactif approfondi avant d&#8217;\u00eatre exp\u00e9di\u00e9, ce qui met nos normes de qualit\u00e9 \u00e0 l&#8217;\u00e9preuve et [&hellip;]<\/p>\n","protected":false},"author":1,"featured_media":0,"parent":0,"menu_order":0,"comment_status":"closed","ping_status":"closed","template":"page-templates\/page-fullwidth.php","meta":{"footnotes":""},"class_list":["post-1810","page","type-page","status-publish","hentry"],"_links":{"self":[{"href":"https:\/\/caricafellc.com\/fr\/wp-json\/wp\/v2\/pages\/1810","targetHints":{"allow":["GET"]}}],"collection":[{"href":"https:\/\/caricafellc.com\/fr\/wp-json\/wp\/v2\/pages"}],"about":[{"href":"https:\/\/caricafellc.com\/fr\/wp-json\/wp\/v2\/types\/page"}],"author":[{"embeddable":true,"href":"https:\/\/caricafellc.com\/fr\/wp-json\/wp\/v2\/users\/1"}],"replies":[{"embeddable":true,"href":"https:\/\/caricafellc.com\/fr\/wp-json\/wp\/v2\/comments?post=1810"}],"version-history":[{"count":8,"href":"https:\/\/caricafellc.com\/fr\/wp-json\/wp\/v2\/pages\/1810\/revisions"}],"predecessor-version":[{"id":2850,"href":"https:\/\/caricafellc.com\/fr\/wp-json\/wp\/v2\/pages\/1810\/revisions\/2850"}],"wp:attachment":[{"href":"https:\/\/caricafellc.com\/fr\/wp-json\/wp\/v2\/media?parent=1810"}],"curies":[{"name":"wp","href":"https:\/\/api.w.org\/{rel}","templated":true}]}}